{"id":35710,"date":"2021-12-20T14:38:09","date_gmt":"2021-12-20T13:38:09","guid":{"rendered":"https:\/\/exerens.com\/empresa\/"},"modified":"2022-02-13T11:11:45","modified_gmt":"2022-02-13T10:11:45","slug":"empresa","status":"publish","type":"page","link":"https:\/\/exerens.com\/es\/empresa\/","title":{"rendered":"Empresa"},"content":{"rendered":"<p>[et_pb_section fb_built=\u00bb1&#8243; fullwidth=\u00bbon\u00bb _builder_version=\u00bb4.3.4&#8243;][et_pb_fullwidth_slider admin_label=\u00bbPage Slider\u00bb module_class=\u00bbpage-header-slider\u00bb _builder_version=\u00bb4.4.2&#8243;][et_pb_slide heading=\u00bbEmpresa\u00bb button_text=\u00bbHaga clic en\u00bb _builder_version=\u00bb4.4.2&#8243; background_image=\u00bbhttps:\/\/exerens.com\/wp-content\/uploads\/2020\/04\/Header-Azienda_269751603-scaled.jpg\u00bb background_enable_image=\u00bbon\u00bb sticky_transition=\u00bbon\u00bb][\/et_pb_slide][\/et_pb_fullwidth_slider][\/et_pb_section][et_pb_section fb_built=\u00bb1&#8243; _builder_version=\u00bb3.25.4&#8243; custom_padding=\u00bb54px||26px|||\u00bb][et_pb_row _builder_version=\u00bb3.25.4&#8243;][et_pb_column type=\u00bb4_4&#8243; _builder_version=\u00bb3.25.4&#8243;][et_pb_text _builder_version=\u00bb4.4.2&#8243;]<\/p>\n<div data-packed=\"false\" data-min-height=\"57\" class=\"txtNew\" id=\"comp-ilcc3l1n\">\n<h1 class=\"font_2\" style=\"text-align: center;\"><span style=\"font-size: x-large;\">EXERENS<\/span><\/h1>\n<p><span style=\"font-size: large;\"> <\/span><\/p>\n<\/div>\n<div data-packed=\"true\" class=\"txtNew\" id=\"comp-ilcc9xmv\">\n<div class=\"page\" title=\"P\u00e1gina 2\">\n<div class=\"layoutArea\">\n<div class=\"column\">\n<p style=\"text-align: center;\"><span style=\"font-size: large;\">Nuestro nombre:<br \/> Participio presente del lat\u00edn <em>Exero <\/em>, que significa \u00absacar a la luz, descubrir\u00bb. <br \/>Con este esp\u00edritu hemos creado una empresa innovadora con una <em>misi\u00f3n<\/em> clara.<br \/> \u2022<br \/> <strong>Ayudar a los ni\u00f1os y adolescentes a aliviar el sufrimiento y a recuperar el equilibrio individual mediante un enfoque natural que les permita sacar a relucir sus capacidades y expresar lo mejor de s\u00ed mismos. <br \/><\/strong> \u2022<br \/> Nuestros objetivos principales son investigar, desarrollar y comercializar productos innovadores y de alta calidad formulados con ingredientes vegetales y nutrac\u00e9uticos dise\u00f1ados espec\u00edficamente para la infancia y la adolescencia. <\/span><\/p>\n<\/div>\n<\/div>\n<\/div>\n<\/div>\n<p>[\/et_pb_text][\/et_pb_column][\/et_pb_row][\/et_pb_section][et_pb_section fb_built=\u00bb1&#8243; _builder_version=\u00bb4.4.2&#8243; custom_padding=\u00bb0px||53px|||\u00bb][et_pb_row _builder_version=\u00bb4.4.2&#8243; custom_padding=\u00bb0px||0px|||\u00bb][et_pb_column type=\u00bb4_4&#8243; _builder_version=\u00bb4.4.2&#8243;][et_pb_text _builder_version=\u00bb4.4.2&#8243; custom_margin=\u00bb||9px|||\u00bb]<\/p>\n<p style=\"text-align: center;\"><span>Investigaci\u00f3n y Desarrollo en colaboraci\u00f3n con el <br \/>Departamento de Ciencias F\u00edsicas, de la Tierra y del Medio Ambiente de la Universidad de Siena<\/span><\/p>\n<p>[\/et_pb_text][\/et_pb_column][\/et_pb_row][\/et_pb_section][et_pb_section fb_built=\u00bb1&#8243; _builder_version=\u00bb4.6.5&#8243; _module_preset=\u00bbdefault\u00bb locked=\u00bboff\u00bb][et_pb_row _builder_version=\u00bb4.6.5&#8243; _module_preset=\u00bbdefault\u00bb][et_pb_column type=\u00bb4_4&#8243; _builder_version=\u00bb4.6.5&#8243; _module_preset=\u00bbdefault\u00bb][et_pb_code _builder_version=\u00bb4.6.5&#8243; _module_preset=\u00bbdefault\u00bb hover_enabled=\u00bb0&#8243; sticky_enabled=\u00bb0&#8243;]<div class='row ct-grid justify-content-center m-0 w-100'><div class='events-col px-1 col-md-5 col-lg-4'><div class='events-box h-100 card'><div class='events-image card-img'><img width=\"1280\" height=\"720\" src=\"https:\/\/exerens.com\/wp-content\/uploads\/2021\/10\/Exerens-Srl-miniatura.png\" class=\"attachment-post-thumbnail size-post-thumbnail wp-post-image\" alt=\"Entrevista con Roberto Pino\" loading=\"lazy\" srcset=\"https:\/\/exerens.com\/wp-content\/uploads\/2021\/10\/Exerens-Srl-miniatura.png 1280w, https:\/\/exerens.com\/wp-content\/uploads\/2021\/10\/Exerens-Srl-miniatura-980x551.png 980w, https:\/\/exerens.com\/wp-content\/uploads\/2021\/10\/Exerens-Srl-miniatura-480x270.png 480w\" sizes=\"(min-width: 0px) and (max-width: 480px) 480px, (min-width: 481px) and (max-width: 980px) 980px, (min-width: 981px) 1280px, 100vw\" \/><\/div><div class='card-body'><h2 class='ct-title events-title text-center'>Exerens: la naturaleza al servicio de la salud <\/h2><div class='events-text text-center'>Business24tv - Episodio 98 - Katia Gangale entrevista a Roberto Pino, fundador de Exerens Srl - VIDEO <\/div><div class='ct-btn w-100 w-100'><a class='et_pb_button et_pb_more_button mt-2 text-center' href=https:\/\/exerens.com\/es\/events\/exerens-la-naturaleza-al-servicio-de-la-salud\/>Esplora<\/a><\/div><\/div><\/div><\/div><\/div><style>.ct-btn .et_pb_button {background: rgba(204, 204, 204, .4);}.ct-grid.row{display:-webkit-box;display:-webkit-flex;display:-ms-flexbox;display:flex;flex-wrap:wrap}.ct-grid.row .card{-webkit-box-shadow:0 0 6px 0 rgba(0,0,0,.2),0 6px 10px 0 rgba(0,0,0,.19);box-shadow:0 0 6px 0 rgba(0,0,0,.2),0 6px 10px 0 rgba(0,0,0,.19);height:100%}.ct-grid.row>[class*=col-]{display:flex;flex-direction:column;margin-bottom:20px}.ct-grid .card-img{height:220px}.ct-grid .card-body{height:calc(100% - 220px);display:flex;flex-direction:column;justify-content:space-between;padding:10px}.ct-grid .btn{margin:10px auto;border-radius:0}.ct-grid .card-img a{display:block;height:100%}.ct-grid img{height:100%;width:100%;object-fit:cover}.ct-btn {display: flex;width: 100%;justify-content: center;}<\/style>[\/et_pb_code][\/et_pb_column][\/et_pb_row][\/et_pb_section]<\/p>\n","protected":false},"excerpt":{"rendered":"<p>[et_pb_section fb_built=\u00bb1&#8243; fullwidth=\u00bbon\u00bb _builder_version=\u00bb4.3.4&#8243;][et_pb_fullwidth_slider admin_label=\u00bbPage Slider\u00bb module_class=\u00bbpage-header-slider\u00bb _builder_version=\u00bb4.4.2&#8243;][et_pb_slide heading=\u00bbEmpresa\u00bb button_text=\u00bbHaga clic en\u00bb _builder_version=\u00bb4.4.2&#8243; background_image=\u00bbhttps:\/\/exerens.com\/wp-content\/uploads\/2020\/04\/Header-Azienda_269751603-scaled.jpg\u00bb background_enable_image=\u00bbon\u00bb sticky_transition=\u00bbon\u00bb][\/et_pb_slide][\/et_pb_fullwidth_slider][\/et_pb_section][et_pb_section fb_built=\u00bb1&#8243; _builder_version=\u00bb3.25.4&#8243; custom_padding=\u00bb54px||26px|||\u00bb][et_pb_row _builder_version=\u00bb3.25.4&#8243;][et_pb_column type=\u00bb4_4&#8243; _builder_version=\u00bb3.25.4&#8243;][et_pb_text _builder_version=\u00bb4.4.2&#8243;] EXERENS Nuestro nombre: Participio presente del lat\u00edn Exero , que significa \u00absacar a la luz, descubrir\u00bb. Con este esp\u00edritu hemos creado una empresa innovadora con una misi\u00f3n clara. \u2022 Ayudar a los [&hellip;]<\/p>\n","protected":false},"author":3,"featured_media":0,"parent":0,"menu_order":28,"comment_status":"closed","ping_status":"closed","template":"","meta":{"_et_pb_use_builder":"on","_et_pb_old_content":"","_et_gb_content_width":""},"yoast_head":"<!-- This site is optimized with the Yoast SEO plugin v18.0 - https:\/\/yoast.com\/wordpress\/plugins\/seo\/ -->\n<title>Empresa - Exerens<\/title>\n<meta name=\"robots\" content=\"index, follow, max-snippet:-1, max-image-preview:large, max-video-preview:-1\" \/>\n<link rel=\"canonical\" href=\"https:\/\/exerens.com\/es\/empresa\/\" \/>\n<meta property=\"og:locale\" content=\"es_ES\" \/>\n<meta property=\"og:type\" content=\"article\" \/>\n<meta property=\"og:title\" content=\"Empresa - Exerens\" \/>\n<meta property=\"og:description\" content=\"[et_pb_section fb_built=\u00bb1&#8243; fullwidth=\u00bbon\u00bb _builder_version=\u00bb4.3.4&#8243;][et_pb_fullwidth_slider admin_label=\u00bbPage Slider\u00bb module_class=\u00bbpage-header-slider\u00bb _builder_version=\u00bb4.4.2&#8243;][et_pb_slide heading=\u00bbEmpresa\u00bb button_text=\u00bbHaga clic en\u00bb _builder_version=\u00bb4.4.2&#8243; background_image=\u00bbhttps:\/\/exerens.com\/wp-content\/uploads\/2020\/04\/Header-Azienda_269751603-scaled.jpg\u00bb background_enable_image=\u00bbon\u00bb sticky_transition=\u00bbon\u00bb][\/et_pb_slide][\/et_pb_fullwidth_slider][\/et_pb_section][et_pb_section fb_built=\u00bb1&#8243; _builder_version=\u00bb3.25.4&#8243; custom_padding=\u00bb54px||26px|||\u00bb][et_pb_row _builder_version=\u00bb3.25.4&#8243;][et_pb_column type=\u00bb4_4&#8243; _builder_version=\u00bb3.25.4&#8243;][et_pb_text _builder_version=\u00bb4.4.2&#8243;] EXERENS Nuestro nombre: Participio presente del lat\u00edn Exero , que significa \u00absacar a la luz, descubrir\u00bb. Con este esp\u00edritu hemos creado una empresa innovadora con una misi\u00f3n clara. \u2022 Ayudar a los [&hellip;]\" \/>\n<meta property=\"og:url\" content=\"https:\/\/exerens.com\/es\/empresa\/\" \/>\n<meta property=\"og:site_name\" content=\"Exerens\" \/>\n<meta property=\"article:modified_time\" content=\"2022-02-13T10:11:45+00:00\" \/>\n<meta name=\"twitter:card\" content=\"summary_large_image\" \/>\n<meta name=\"twitter:label1\" content=\"Tiempo de lectura\" \/>\n\t<meta name=\"twitter:data1\" content=\"2 minutos\" \/>\n<script type=\"application\/ld+json\" class=\"yoast-schema-graph\">{\"@context\":\"https:\/\/schema.org\",\"@graph\":[{\"@type\":\"WebSite\",\"@id\":\"https:\/\/exerens.com\/#website\",\"url\":\"https:\/\/exerens.com\/\",\"name\":\"Exerens\",\"description\":\"Recuperar el Equilibrio Natural\",\"potentialAction\":[{\"@type\":\"SearchAction\",\"target\":{\"@type\":\"EntryPoint\",\"urlTemplate\":\"https:\/\/exerens.com\/?s={search_term_string}\"},\"query-input\":\"required name=search_term_string\"}],\"inLanguage\":\"es\"},{\"@type\":\"WebPage\",\"@id\":\"https:\/\/exerens.com\/es\/empresa\/#webpage\",\"url\":\"https:\/\/exerens.com\/es\/empresa\/\",\"name\":\"Empresa - Exerens\",\"isPartOf\":{\"@id\":\"https:\/\/exerens.com\/#website\"},\"datePublished\":\"2021-12-20T13:38:09+00:00\",\"dateModified\":\"2022-02-13T10:11:45+00:00\",\"breadcrumb\":{\"@id\":\"https:\/\/exerens.com\/es\/empresa\/#breadcrumb\"},\"inLanguage\":\"es\",\"potentialAction\":[{\"@type\":\"ReadAction\",\"target\":[\"https:\/\/exerens.com\/es\/empresa\/\"]}]},{\"@type\":\"BreadcrumbList\",\"@id\":\"https:\/\/exerens.com\/es\/empresa\/#breadcrumb\",\"itemListElement\":[{\"@type\":\"ListItem\",\"position\":1,\"name\":\"Home\",\"item\":\"https:\/\/exerens.com\/es\/\"},{\"@type\":\"ListItem\",\"position\":2,\"name\":\"Empresa\"}]}]}<\/script>\n<!-- \/ Yoast SEO plugin. -->","yoast_head_json":{"title":"Empresa - Exerens","robots":{"index":"index","follow":"follow","max-snippet":"max-snippet:-1","max-image-preview":"max-image-preview:large","max-video-preview":"max-video-preview:-1"},"canonical":"https:\/\/exerens.com\/es\/empresa\/","og_locale":"es_ES","og_type":"article","og_title":"Empresa - Exerens","og_description":"[et_pb_section fb_built=\u00bb1&#8243; fullwidth=\u00bbon\u00bb _builder_version=\u00bb4.3.4&#8243;][et_pb_fullwidth_slider admin_label=\u00bbPage Slider\u00bb module_class=\u00bbpage-header-slider\u00bb _builder_version=\u00bb4.4.2&#8243;][et_pb_slide heading=\u00bbEmpresa\u00bb button_text=\u00bbHaga clic en\u00bb _builder_version=\u00bb4.4.2&#8243; background_image=\u00bbhttps:\/\/exerens.com\/wp-content\/uploads\/2020\/04\/Header-Azienda_269751603-scaled.jpg\u00bb background_enable_image=\u00bbon\u00bb sticky_transition=\u00bbon\u00bb][\/et_pb_slide][\/et_pb_fullwidth_slider][\/et_pb_section][et_pb_section fb_built=\u00bb1&#8243; _builder_version=\u00bb3.25.4&#8243; custom_padding=\u00bb54px||26px|||\u00bb][et_pb_row _builder_version=\u00bb3.25.4&#8243;][et_pb_column type=\u00bb4_4&#8243; _builder_version=\u00bb3.25.4&#8243;][et_pb_text _builder_version=\u00bb4.4.2&#8243;] EXERENS Nuestro nombre: Participio presente del lat\u00edn Exero , que significa \u00absacar a la luz, descubrir\u00bb. Con este esp\u00edritu hemos creado una empresa innovadora con una misi\u00f3n clara. \u2022 Ayudar a los [&hellip;]","og_url":"https:\/\/exerens.com\/es\/empresa\/","og_site_name":"Exerens","article_modified_time":"2022-02-13T10:11:45+00:00","twitter_card":"summary_large_image","twitter_misc":{"Tiempo de lectura":"2 minutos"},"schema":{"@context":"https:\/\/schema.org","@graph":[{"@type":"WebSite","@id":"https:\/\/exerens.com\/#website","url":"https:\/\/exerens.com\/","name":"Exerens","description":"Recuperar el Equilibrio Natural","potentialAction":[{"@type":"SearchAction","target":{"@type":"EntryPoint","urlTemplate":"https:\/\/exerens.com\/?s={search_term_string}"},"query-input":"required name=search_term_string"}],"inLanguage":"es"},{"@type":"WebPage","@id":"https:\/\/exerens.com\/es\/empresa\/#webpage","url":"https:\/\/exerens.com\/es\/empresa\/","name":"Empresa - Exerens","isPartOf":{"@id":"https:\/\/exerens.com\/#website"},"datePublished":"2021-12-20T13:38:09+00:00","dateModified":"2022-02-13T10:11:45+00:00","breadcrumb":{"@id":"https:\/\/exerens.com\/es\/empresa\/#breadcrumb"},"inLanguage":"es","potentialAction":[{"@type":"ReadAction","target":["https:\/\/exerens.com\/es\/empresa\/"]}]},{"@type":"BreadcrumbList","@id":"https:\/\/exerens.com\/es\/empresa\/#breadcrumb","itemListElement":[{"@type":"ListItem","position":1,"name":"Home","item":"https:\/\/exerens.com\/es\/"},{"@type":"ListItem","position":2,"name":"Empresa"}]}]}},"_links":{"self":[{"href":"https:\/\/exerens.com\/es\/wp-json\/wp\/v2\/pages\/35710"}],"collection":[{"href":"https:\/\/exerens.com\/es\/wp-json\/wp\/v2\/pages"}],"about":[{"href":"https:\/\/exerens.com\/es\/wp-json\/wp\/v2\/types\/page"}],"author":[{"embeddable":true,"href":"https:\/\/exerens.com\/es\/wp-json\/wp\/v2\/users\/3"}],"replies":[{"embeddable":true,"href":"https:\/\/exerens.com\/es\/wp-json\/wp\/v2\/comments?post=35710"}],"version-history":[{"count":13,"href":"https:\/\/exerens.com\/es\/wp-json\/wp\/v2\/pages\/35710\/revisions"}],"predecessor-version":[{"id":36770,"href":"https:\/\/exerens.com\/es\/wp-json\/wp\/v2\/pages\/35710\/revisions\/36770"}],"wp:attachment":[{"href":"https:\/\/exerens.com\/es\/wp-json\/wp\/v2\/media?parent=35710"}],"curies":[{"name":"wp","href":"https:\/\/api.w.org\/{rel}","templated":true}]}}