{"id":35738,"date":"2021-12-20T14:38:19","date_gmt":"2021-12-20T13:38:19","guid":{"rendered":"https:\/\/exerens.com\/dormir\/"},"modified":"2022-02-13T11:16:39","modified_gmt":"2022-02-13T10:16:39","slug":"dormir","status":"publish","type":"page","link":"https:\/\/exerens.com\/es\/areas\/area-terapeutica\/dormir\/","title":{"rendered":"Sue\u00f1o"},"content":{"rendered":"<p>[et_pb_section fb_built=\u00bb1&#8243; fullwidth=\u00bbon\u00bb _builder_version=\u00bb4.3.4&#8243;][et_pb_fullwidth_slider admin_label=\u00bbPage Slider\u00bb module_class=\u00bbpage-header-slider\u00bb _builder_version=\u00bb4.4.2&#8243;][et_pb_slide heading=\u00bbSue\u00f1o\u00bb button_text=\u00bbHaga clic en\u00bb _builder_version=\u00bb4.4.2&#8243; background_image=\u00bbhttps:\/\/exerens.com\/wp-content\/uploads\/2020\/04\/Area-Terapeutica_Sonno_267568502.jpg\u00bb background_enable_image=\u00bbon\u00bb sticky_transition=\u00bbon\u00bb][\/et_pb_slide][\/et_pb_fullwidth_slider][\/et_pb_section][et_pb_section fb_built=\u00bb1&#8243; _builder_version=\u00bb3.25.4&#8243; custom_padding=\u00bb30px||30px|||\u00bb][et_pb_row _builder_version=\u00bb4.3.4&#8243; custom_padding=\u00bb0px||0px|||\u00bb][et_pb_column type=\u00bb4_4&#8243; _builder_version=\u00bb4.3.4&#8243;][et_pb_image src=\u00bbhttps:\/\/exerens.com\/wp-content\/uploads\/2020\/06\/Icona-Sezione-Sonno_02.png\u00bb title_text=\u00bbSilencio-Secci\u00f3n_02 Icono\u00bb module_class=\u00bbsection-icon\u00bb _builder_version=\u00bb4.4.5&#8243; custom_css_main_element=\u00bbdisplay: flex;||justify-content: center;\u00bb][\/et_pb_image][\/et_pb_column][\/et_pb_row][\/et_pb_section][et_pb_section fb_built=\u00bb1&#8243; _builder_version=\u00bb4.3.4&#8243; custom_padding=\u00bb0px||0px|||\u00bb][et_pb_row _builder_version=\u00bb4.3.4&#8243;][et_pb_column type=\u00bb4_4&#8243; _builder_version=\u00bb4.3.4&#8243;][et_pb_text _builder_version=\u00bb4.4.5&#8243;]<\/p>\n<p style=\"text-align: center;\"><span style=\"font-size: large;\">Los <strong>trastornos del sue\u00f1o en los ni\u00f1os<\/strong> se manifiestan por la dificultad para conciliar el sue\u00f1o y los frecuentes despertares nocturnos. Aproximadamente el 25% de los ni\u00f1os menores de 5 a\u00f1os (es decir, 1 de cada 4) la padecen, mientras que despu\u00e9s de los 6 a\u00f1os y hasta la adolescencia el porcentaje desciende al 10-12%.  <br \/><\/span><span style=\"font-size: large;\">Estos trastornos pueden tener efectos negativos en su salud y afectar tambi\u00e9n a la calidad de vida de sus padres.  <\/span><\/p>\n<p>[\/et_pb_text][et_pb_image src=\u00bbhttps:\/\/exerens.com\/wp-content\/uploads\/2020\/04\/Confezione-FR_Xerenens_Spray-orale-162&#215;300.png\u00bb title_text=\u00bbEnvase-FR_Xerenens_Spray-oral\u00bb url=\u00bb@ET-DC@eyJkeW5hbWljIjp0cnVlLCJjb250ZW50IjoicG9zdF9saW5rX3VybF9wcm9kdWN0Iiwic2V0dGluZ3MiOnsicG9zdF9pZCI6IjMyOTA5In19@\u00bb align=\u00bbcenter\u00bb _builder_version=\u00bb4.6.5&#8243; _dynamic_attributes=\u00bburl\u00bb hover_enabled=\u00bb0&#8243; sticky_enabled=\u00bb0&#8243;][\/et_pb_image][et_pb_text _builder_version=\u00bb4.4.5&#8243;]<\/p>\n<p style=\"text-align: center;\"><span style=\"font-size: large;\"><a href=\"https:\/\/exerens.com\/prodotto\/xerenens\/\"><strong>Xerenens\u00ae<\/strong><\/a><strong><a href=\"https:\/\/exerens.com\/prodotto\/xerenens\/\"> spray oral<\/a><\/strong> ayuda a los ni\u00f1os a dormir bien.  <\/span><\/p>\n<p style=\"text-align: center;\"><span style=\"font-size: large;\">Sus <strong>componentes naturales<\/strong> han sido dise\u00f1ados espec\u00edficamente para ni\u00f1os de 1 a 5 a\u00f1os y contienen fitocomplejos titulados que favorecen la regulaci\u00f3n del sue\u00f1o, la relajaci\u00f3n y el bienestar mental. Gracias a su formulaci\u00f3n de <strong>spray oral con sabor a leche y galleta<\/strong>, Xerenens puede ser administrado m\u00e1s f\u00e1cilmente por los padres.  <\/span><\/p>\n<p style=\"text-align: center;\"><span style=\"font-size: large;\">Xerenens\u00ae contiene <strong>Equilmixin\u00ae<\/strong>, un fitocomplejo estandarizado especialmente desarrollado para enriquecer y mejorar la composici\u00f3n del producto.<\/span><\/p>\n<p>[\/et_pb_text][\/et_pb_column][\/et_pb_row][\/et_pb_section][et_pb_section fb_built=\u00bb1&#8243; _builder_version=\u00bb4.3.4&#8243;][et_pb_row _builder_version=\u00bb4.3.4&#8243;][et_pb_column type=\u00bb4_4&#8243; _builder_version=\u00bb4.3.4&#8243;][et_pb_text _builder_version=\u00bb4.3.4&#8243;]<\/p>\n<h2 style=\"text-align: center;\"><strong>ART\u00cdCULOS DE INTER\u00c9S<br \/><\/strong><\/h2>\n<p>[\/et_pb_text][\/et_pb_column][\/et_pb_row][et_pb_row _builder_version=\u00bb4.3.4&#8243;][et_pb_column type=\u00bb4_4&#8243; _builder_version=\u00bb4.3.4&#8243;][et_pb_blog fullwidth=\u00bboff\u00bb include_categories=\u00bb44&#8243; _builder_version=\u00bb4.3.4&#8243;][\/et_pb_blog][\/et_pb_column][\/et_pb_row][\/et_pb_section][et_pb_section fb_built=\u00bb1&#8243; _builder_version=\u00bb4.3.4&#8243; custom_padding=\u00bb0px||0px|||\u00bb][et_pb_row _builder_version=\u00bb4.3.4&#8243;][et_pb_column type=\u00bb4_4&#8243; _builder_version=\u00bb4.3.4&#8243;][et_pb_shop type=\u00bbproduct_category\u00bb include_categories=\u00bball\u00bb columns_number=\u00bb4&#8243; module_class=\u00bbproduct-list\u00bb _builder_version=\u00bb4.5.7&#8243; title_text_align=\u00bbcenter\u00bb price_text_align=\u00bbcenter\u00bb width=\u00bb100%\u00bb max_width=\u00bb47%\u00bb custom_padding=\u00bb||0px|||\u00bb global_module=\u00bb33527&#8243; custom_css_before_last_edited=\u00bbon|desktop\u00bb][\/et_pb_shop][\/et_pb_column][\/et_pb_row][\/et_pb_section]<\/p>\n","protected":false},"excerpt":{"rendered":"<p>Los trastornos del sue\u00f1o en los ni\u00f1os se manifiestan por la dificultad para conciliar el sue\u00f1o y los frecuentes despertares nocturnos. Aproximadamente el 25% de los ni\u00f1os menores de 5 a\u00f1os (es decir, 1 de cada 4) la padecen, mientras que despu\u00e9s de los 6 a\u00f1os y hasta la adolescencia el porcentaje desciende al 10-12%. [&hellip;]<\/p>\n","protected":false},"author":3,"featured_media":0,"parent":35756,"menu_order":51,"comment_status":"closed","ping_status":"closed","template":"","meta":{"_et_pb_use_builder":"on","_et_pb_old_content":"","_et_gb_content_width":""},"yoast_head":"<!-- This site is optimized with the Yoast SEO plugin v18.0 - https:\/\/yoast.com\/wordpress\/plugins\/seo\/ -->\n<title>Sue\u00f1o - Exerens<\/title>\n<meta name=\"robots\" content=\"index, follow, max-snippet:-1, max-image-preview:large, max-video-preview:-1\" \/>\n<link rel=\"canonical\" href=\"https:\/\/exerens.com\/es\/areas\/area-terapeutica\/dormir\/\" \/>\n<meta property=\"og:locale\" content=\"es_ES\" \/>\n<meta property=\"og:type\" content=\"article\" \/>\n<meta property=\"og:title\" content=\"Sue\u00f1o - Exerens\" \/>\n<meta property=\"og:description\" content=\"Los trastornos del sue\u00f1o en los ni\u00f1os se manifiestan por la dificultad para conciliar el sue\u00f1o y los frecuentes despertares nocturnos. Aproximadamente el 25% de los ni\u00f1os menores de 5 a\u00f1os (es decir, 1 de cada 4) la padecen, mientras que despu\u00e9s de los 6 a\u00f1os y hasta la adolescencia el porcentaje desciende al 10-12%. [&hellip;]\" \/>\n<meta property=\"og:url\" content=\"https:\/\/exerens.com\/es\/areas\/area-terapeutica\/dormir\/\" \/>\n<meta property=\"og:site_name\" content=\"Exerens\" \/>\n<meta property=\"article:modified_time\" content=\"2022-02-13T10:16:39+00:00\" \/>\n<meta name=\"twitter:card\" content=\"summary_large_image\" \/>\n<meta name=\"twitter:label1\" content=\"Tiempo de lectura\" \/>\n\t<meta name=\"twitter:data1\" content=\"3 minutos\" \/>\n<script type=\"application\/ld+json\" class=\"yoast-schema-graph\">{\"@context\":\"https:\/\/schema.org\",\"@graph\":[{\"@type\":\"WebSite\",\"@id\":\"https:\/\/exerens.com\/#website\",\"url\":\"https:\/\/exerens.com\/\",\"name\":\"Exerens\",\"description\":\"Recuperar el Equilibrio Natural\",\"potentialAction\":[{\"@type\":\"SearchAction\",\"target\":{\"@type\":\"EntryPoint\",\"urlTemplate\":\"https:\/\/exerens.com\/?s={search_term_string}\"},\"query-input\":\"required name=search_term_string\"}],\"inLanguage\":\"es\"},{\"@type\":\"WebPage\",\"@id\":\"https:\/\/exerens.com\/es\/areas\/area-terapeutica\/dormir\/#webpage\",\"url\":\"https:\/\/exerens.com\/es\/areas\/area-terapeutica\/dormir\/\",\"name\":\"Sue\u00f1o - Exerens\",\"isPartOf\":{\"@id\":\"https:\/\/exerens.com\/#website\"},\"datePublished\":\"2021-12-20T13:38:19+00:00\",\"dateModified\":\"2022-02-13T10:16:39+00:00\",\"breadcrumb\":{\"@id\":\"https:\/\/exerens.com\/es\/areas\/area-terapeutica\/dormir\/#breadcrumb\"},\"inLanguage\":\"es\",\"potentialAction\":[{\"@type\":\"ReadAction\",\"target\":[\"https:\/\/exerens.com\/es\/areas\/area-terapeutica\/dormir\/\"]}]},{\"@type\":\"BreadcrumbList\",\"@id\":\"https:\/\/exerens.com\/es\/areas\/area-terapeutica\/dormir\/#breadcrumb\",\"itemListElement\":[{\"@type\":\"ListItem\",\"position\":1,\"name\":\"Home\",\"item\":\"https:\/\/exerens.com\/es\/\"},{\"@type\":\"ListItem\",\"position\":2,\"name\":\"\u00c1reas\",\"item\":\"https:\/\/exerens.com\/es\/areas\/\"},{\"@type\":\"ListItem\",\"position\":3,\"name\":\"\u00c1rea terap\u00e9utica\",\"item\":\"https:\/\/exerens.com\/es\/areas\/area-terapeutica\/\"},{\"@type\":\"ListItem\",\"position\":4,\"name\":\"Sue\u00f1o\"}]}]}<\/script>\n<!-- \/ Yoast SEO plugin. -->","yoast_head_json":{"title":"Sue\u00f1o - Exerens","robots":{"index":"index","follow":"follow","max-snippet":"max-snippet:-1","max-image-preview":"max-image-preview:large","max-video-preview":"max-video-preview:-1"},"canonical":"https:\/\/exerens.com\/es\/areas\/area-terapeutica\/dormir\/","og_locale":"es_ES","og_type":"article","og_title":"Sue\u00f1o - Exerens","og_description":"Los trastornos del sue\u00f1o en los ni\u00f1os se manifiestan por la dificultad para conciliar el sue\u00f1o y los frecuentes despertares nocturnos. Aproximadamente el 25% de los ni\u00f1os menores de 5 a\u00f1os (es decir, 1 de cada 4) la padecen, mientras que despu\u00e9s de los 6 a\u00f1os y hasta la adolescencia el porcentaje desciende al 10-12%. [&hellip;]","og_url":"https:\/\/exerens.com\/es\/areas\/area-terapeutica\/dormir\/","og_site_name":"Exerens","article_modified_time":"2022-02-13T10:16:39+00:00","twitter_card":"summary_large_image","twitter_misc":{"Tiempo de lectura":"3 minutos"},"schema":{"@context":"https:\/\/schema.org","@graph":[{"@type":"WebSite","@id":"https:\/\/exerens.com\/#website","url":"https:\/\/exerens.com\/","name":"Exerens","description":"Recuperar el Equilibrio Natural","potentialAction":[{"@type":"SearchAction","target":{"@type":"EntryPoint","urlTemplate":"https:\/\/exerens.com\/?s={search_term_string}"},"query-input":"required name=search_term_string"}],"inLanguage":"es"},{"@type":"WebPage","@id":"https:\/\/exerens.com\/es\/areas\/area-terapeutica\/dormir\/#webpage","url":"https:\/\/exerens.com\/es\/areas\/area-terapeutica\/dormir\/","name":"Sue\u00f1o - Exerens","isPartOf":{"@id":"https:\/\/exerens.com\/#website"},"datePublished":"2021-12-20T13:38:19+00:00","dateModified":"2022-02-13T10:16:39+00:00","breadcrumb":{"@id":"https:\/\/exerens.com\/es\/areas\/area-terapeutica\/dormir\/#breadcrumb"},"inLanguage":"es","potentialAction":[{"@type":"ReadAction","target":["https:\/\/exerens.com\/es\/areas\/area-terapeutica\/dormir\/"]}]},{"@type":"BreadcrumbList","@id":"https:\/\/exerens.com\/es\/areas\/area-terapeutica\/dormir\/#breadcrumb","itemListElement":[{"@type":"ListItem","position":1,"name":"Home","item":"https:\/\/exerens.com\/es\/"},{"@type":"ListItem","position":2,"name":"\u00c1reas","item":"https:\/\/exerens.com\/es\/areas\/"},{"@type":"ListItem","position":3,"name":"\u00c1rea terap\u00e9utica","item":"https:\/\/exerens.com\/es\/areas\/area-terapeutica\/"},{"@type":"ListItem","position":4,"name":"Sue\u00f1o"}]}]}},"_links":{"self":[{"href":"https:\/\/exerens.com\/es\/wp-json\/wp\/v2\/pages\/35738"}],"collection":[{"href":"https:\/\/exerens.com\/es\/wp-json\/wp\/v2\/pages"}],"about":[{"href":"https:\/\/exerens.com\/es\/wp-json\/wp\/v2\/types\/page"}],"author":[{"embeddable":true,"href":"https:\/\/exerens.com\/es\/wp-json\/wp\/v2\/users\/3"}],"replies":[{"embeddable":true,"href":"https:\/\/exerens.com\/es\/wp-json\/wp\/v2\/comments?post=35738"}],"version-history":[{"count":15,"href":"https:\/\/exerens.com\/es\/wp-json\/wp\/v2\/pages\/35738\/revisions"}],"predecessor-version":[{"id":36779,"href":"https:\/\/exerens.com\/es\/wp-json\/wp\/v2\/pages\/35738\/revisions\/36779"}],"up":[{"embeddable":true,"href":"https:\/\/exerens.com\/es\/wp-json\/wp\/v2\/pages\/35756"}],"wp:attachment":[{"href":"https:\/\/exerens.com\/es\/wp-json\/wp\/v2\/media?parent=35738"}],"curies":[{"name":"wp","href":"https:\/\/api.w.org\/{rel}","templated":true}]}}