{"id":35763,"date":"2021-12-20T14:38:33","date_gmt":"2021-12-20T13:38:33","guid":{"rendered":"https:\/\/exerens.com\/areas\/area-medica\/"},"modified":"2021-12-20T14:38:34","modified_gmt":"2021-12-20T13:38:34","slug":"area-medica","status":"publish","type":"page","link":"https:\/\/exerens.com\/es\/areas\/area-medica\/","title":{"rendered":"\u00c1rea m\u00e9dica"},"content":{"rendered":"<p>[et_pb_section fb_built=\u00bb1&#8243; fullwidth=\u00bbon\u00bb _builder_version=\u00bb4.3.4&#8243;][et_pb_fullwidth_slider admin_label=\u00bbPage Slider\u00bb module_class=\u00bbpage-header-slider\u00bb _builder_version=\u00bb4.4.2&#8243;][et_pb_slide heading=\u00bb\u00c1rea m\u00e9dica\u00bb button_text=\u00bbHaga clic en\u00bb _builder_version=\u00bb4.4.2&#8243; background_image=\u00bbhttps:\/\/exerens.com\/wp-content\/uploads\/2020\/04\/Area-Medica_886.jpg\u00bb background_enable_image=\u00bbon\u00bb sticky_transition=\u00bbon\u00bb][\/et_pb_slide][\/et_pb_fullwidth_slider][\/et_pb_section][et_pb_section fb_built=\u00bb1&#8243; _builder_version=\u00bb3.25.4&#8243; custom_padding=\u00bb25px||13px|||\u00bb][et_pb_row _builder_version=\u00bb3.25.4&#8243;][et_pb_column type=\u00bb4_4&#8243; _builder_version=\u00bb3.25.4&#8243;][et_pb_text _builder_version=\u00bb4.3.4&#8243;]<\/p>\n<div data-packed=\"false\" data-min-height=\"57\" class=\"txtNew\" id=\"comp-ilcc3l1n\">\n<div class=\"page\" title=\"Page 3\">\n<div class=\"layoutArea\">\n<div class=\"column\">\n<div class=\"page\" title=\"Page 5\">\n<div class=\"layoutArea\">\n<div class=\"column\">\n<p style=\"text-align: center\"><span style=\"font-size: large\">Exerens es una empresa impulsada por la innovaci\u00f3n y la investigaci\u00f3n cient\u00edfica en colaboraci\u00f3n con el Departamento de Ciencias F\u00edsicas, de la Tierra y del Medio Ambiente de la Universidad de Siena y la Clase de Medicina Especializada.  <\/span><\/p>\n<p style=\"text-align: center\"><span style=\"font-size: large\"><strong>Todos los productos contienen Equilmixin<\/strong><strong>\u00ae, un complejo fitoterap\u00e9utico especialmente desarrollado para enriquecer y potenciar sus propiedades.<\/strong> <\/span><\/p>\n<p style=\"text-align: center\"><span style=\"font-size: large\">Ejercicios<\/span><span><span style=\"font-size: large\">Tambi\u00e9n se compromete a la actualizaci\u00f3n cient\u00edfica de los especialistas m\u00e9dicos a trav\u00e9s de cursos CME impartidos por reconocidos conferenciantes en Italia y en el extranjero. El objetivo del curso es revalorizar la fitoterapia en clave moderna, destacando el hecho de que los medicamentos a base de plantas forman parte del bagaje terap\u00e9utico global del que dispone la medicina convencional y dentro del cual el m\u00e9dico puede hacer una elecci\u00f3n en funci\u00f3n de lo que considere m\u00e1s \u00fatil para el paciente.<\/span> <\/span><\/p>\n<\/div>\n<\/div>\n<\/div>\n<\/div>\n<\/div>\n<\/div>\n<\/div>\n<div data-packed=\"true\" class=\"txtNew\" id=\"comp-ilcc9xmv\">\n<div class=\"page\" title=\"Page 2\">\n<div class=\"layoutArea\">\n<div class=\"column\"><\/div>\n<\/div>\n<\/div>\n<\/div>\n<p>[\/et_pb_text][\/et_pb_column][\/et_pb_row][\/et_pb_section][et_pb_section fb_built=\u00bb1&#8243; _builder_version=\u00bb4.6.5&#8243; _module_preset=\u00bbdefault\u00bb][et_pb_row _builder_version=\u00bb4.6.5&#8243; _module_preset=\u00bbdefault\u00bb][et_pb_column _builder_version=\u00bb4.6.5&#8243; _module_preset=\u00bbdefault\u00bb type=\u00bb4_4&#8243;][et_pb_code _builder_version=\u00bb4.6.5&#8243; _module_preset=\u00bbdefault\u00bb hover_enabled=\u00bb0&#8243; sticky_enabled=\u00bb0&#8243;]<div class='row ct-grid justify-content-center m-0 w-100'><div class='events-col px-1 col-md-5 col-lg-4'><div class='events-box h-100 card'><div class='events-image card-img'><img width=\"2560\" height=\"1707\" src=\"https:\/\/exerens.com\/wp-content\/uploads\/2020\/04\/Bimbo-che-annusa-girasole.jpg\" class=\"attachment-post-thumbnail size-post-thumbnail wp-post-image\" alt=\"Ni\u00f1o oliendo un girasol\" loading=\"lazy\" srcset=\"https:\/\/exerens.com\/wp-content\/uploads\/2020\/04\/Bimbo-che-annusa-girasole.jpg 2560w, https:\/\/exerens.com\/wp-content\/uploads\/2020\/04\/Bimbo-che-annusa-girasole-1280x854.jpg 1280w, https:\/\/exerens.com\/wp-content\/uploads\/2020\/04\/Bimbo-che-annusa-girasole-980x653.jpg 980w, https:\/\/exerens.com\/wp-content\/uploads\/2020\/04\/Bimbo-che-annusa-girasole-480x320.jpg 480w\" sizes=\"(min-width: 0px) and (max-width: 480px) 480px, (min-width: 481px) and (max-width: 980px) 980px, (min-width: 981px) and (max-width: 1280px) 1280px, (min-width: 1281px) 2560px, 100vw\" \/><\/div><div class='card-body'><h2 class='ct-title events-title text-center'>Ansiedad, sue\u00f1o y aprendizaje: \u00bfun lugar para las hierbas medicinales? <\/h2><div class='events-text text-center'>EVENTO DEL 19 DE SEPTIEMBRE DE 2020 - El objetivo del curso es revalorizar la fitoterapia desde una perspectiva moderna, haciendo hincapi\u00e9 en que los medicamentos a base de hierbas&hellip; <\/div><div class='ct-btn w-100 w-100'><a class='et_pb_button et_pb_more_button mt-2 text-center' href=https:\/\/exerens.com\/es\/events\/ansiedad-sueno-y-aprendizaje-un-lugar-para-las-hierbas-medicinales\/>Esplora<\/a><\/div><\/div><\/div><\/div><div class='events-col px-1 col-md-5 col-lg-4'><div class='events-box h-100 card'><div class='events-image card-img'><img width=\"295\" height=\"239\" src=\"https:\/\/exerens.com\/wp-content\/uploads\/2020\/10\/01_MASI_v2.jpg\" class=\"attachment-post-thumbnail size-post-thumbnail wp-post-image\" alt=\"Dr. Gabriele Masi\" loading=\"lazy\" \/><\/div><div class='card-body'><h2 class='ct-title events-title text-center'>Ansiedad y sue\u00f1o: correlaci\u00f3n cl\u00ednica y tratamiento <\/h2><div class='events-text text-center'>Dr Gabriele Masi - Curso CME - S\u00e1bado 19 de septiembre de 2020 - IRCCS Stella Maris Calambrone (PI) - VIDEO <\/div><div class='ct-btn w-100 w-100'><a class='et_pb_button et_pb_more_button mt-2 text-center' href=https:\/\/exerens.com\/es\/events\/ansiedad-y-sueno-correlacion-clinica-y-tratamiento\/>Esplora<\/a><\/div><\/div><\/div><\/div><div class='events-col px-1 col-md-5 col-lg-4'><div class='events-box h-100 card'><div class='events-image card-img'><img width=\"295\" height=\"240\" src=\"https:\/\/exerens.com\/wp-content\/uploads\/2020\/10\/02_PFANNER_v2.jpg\" class=\"attachment-post-thumbnail size-post-thumbnail wp-post-image\" alt=\"Dra. Chiara Pfanner\" loading=\"lazy\" \/><\/div><div class='card-body'><h2 class='ct-title events-title text-center'>Dificultades de atenci\u00f3n y aprendizaje: cl\u00ednica y tratamiento <\/h2><div class='events-text text-center'>Dra. Chiara Pfanner - Curso CME - S\u00e1bado 19 de septiembre de 2020 - IRCCS Stella Maris Calambrone (PI) - VIDEO <\/div><div class='ct-btn w-100 w-100'><a class='et_pb_button et_pb_more_button mt-2 text-center' href=https:\/\/exerens.com\/es\/events\/dificultades-de-atencion-y-aprendizaje-clinica-y-tratamiento\/>Esplora<\/a><\/div><\/div><\/div><\/div><div class='events-col px-1 col-md-5 col-lg-4'><div class='events-box h-100 card'><div class='events-image card-img'><img width=\"296\" height=\"241\" src=\"https:\/\/exerens.com\/wp-content\/uploads\/2020\/10\/03_BIAGI_v2.jpg\" class=\"attachment-post-thumbnail size-post-thumbnail wp-post-image\" alt=\"Dr. Marco Biagi\" loading=\"lazy\" \/><\/div><div class='card-body'><h2 class='ct-title events-title text-center'>Fitoterapia: \u00bfmedicina alternativa o basada en la evidencia? <\/h2><div class='events-text text-center'>Dr Marco Biagi - Curso CME - S\u00e1bado 19 de septiembre de 2020 - IRCCS Stella Maris Calambrone (PI) - VIDEO <\/div><div class='ct-btn w-100 w-100'><a class='et_pb_button et_pb_more_button mt-2 text-center' href=https:\/\/exerens.com\/es\/events\/fitoterapia-medicina-alternativa-o-basada-en-la-evidencia\/>Esplora<\/a><\/div><\/div><\/div><\/div><div class='events-col px-1 col-md-5 col-lg-4'><div class='events-box h-100 card'><div class='events-image card-img'><img width=\"1280\" height=\"720\" src=\"https:\/\/exerens.com\/wp-content\/uploads\/2021\/10\/Exerens-Srl-miniatura.png\" class=\"attachment-post-thumbnail size-post-thumbnail wp-post-image\" alt=\"Entrevista con Roberto Pino\" loading=\"lazy\" srcset=\"https:\/\/exerens.com\/wp-content\/uploads\/2021\/10\/Exerens-Srl-miniatura.png 1280w, https:\/\/exerens.com\/wp-content\/uploads\/2021\/10\/Exerens-Srl-miniatura-980x551.png 980w, https:\/\/exerens.com\/wp-content\/uploads\/2021\/10\/Exerens-Srl-miniatura-480x270.png 480w\" sizes=\"(min-width: 0px) and (max-width: 480px) 480px, (min-width: 481px) and (max-width: 980px) 980px, (min-width: 981px) 1280px, 100vw\" \/><\/div><div class='card-body'><h2 class='ct-title events-title text-center'>Exerens: la naturaleza al servicio de la salud <\/h2><div class='events-text text-center'>Business24tv - Episodio 98 - Katia Gangale entrevista a Roberto Pino, fundador de Exerens Srl - VIDEO <\/div><div class='ct-btn w-100 w-100'><a class='et_pb_button et_pb_more_button mt-2 text-center' href=https:\/\/exerens.com\/es\/events\/exerens-la-naturaleza-al-servicio-de-la-salud\/>Esplora<\/a><\/div><\/div><\/div><\/div><div class='events-col px-1 col-md-5 col-lg-4'><div class='events-box h-100 card'><div class='events-image card-img'><img width=\"295\" height=\"240\" src=\"https:\/\/exerens.com\/wp-content\/uploads\/2020\/10\/04_DE-FEO_v2.jpg\" class=\"attachment-post-thumbnail size-post-thumbnail wp-post-image\" alt=\"Dr. Francesco de Feo\" loading=\"lazy\" \/><\/div><div class='card-body'><h2 class='ct-title events-title text-center'>Ansiedad, sue\u00f1o y aprendizaje: posible abordaje fitoterap\u00e9utico por parte del pediatra de familia <\/h2><div class='events-text text-center'>Dr Francesco de Feo - Curso CME - S\u00e1bado 19 de septiembre de 2020 - IRCCS Stella Maris Calambrone (PI) - VIDEO <\/div><div class='ct-btn w-100 w-100'><a class='et_pb_button et_pb_more_button mt-2 text-center' href=https:\/\/exerens.com\/es\/events\/ansiedad-sueno-y-aprendizaje-posible-abordaje-fitoterapeutico-por-parte-del-pediatra-de-familia\/>Esplora<\/a><\/div><\/div><\/div><\/div><\/div><style>.ct-btn .et_pb_button {background: rgba(204, 204, 204, .4);}.ct-grid.row{display:-webkit-box;display:-webkit-flex;display:-ms-flexbox;display:flex;flex-wrap:wrap}.ct-grid.row .card{-webkit-box-shadow:0 0 6px 0 rgba(0,0,0,.2),0 6px 10px 0 rgba(0,0,0,.19);box-shadow:0 0 6px 0 rgba(0,0,0,.2),0 6px 10px 0 rgba(0,0,0,.19);height:100%}.ct-grid.row>[class*=col-]{display:flex;flex-direction:column;margin-bottom:20px}.ct-grid .card-img{height:220px}.ct-grid .card-body{height:calc(100% - 220px);display:flex;flex-direction:column;justify-content:space-between;padding:10px}.ct-grid .btn{margin:10px auto;border-radius:0}.ct-grid .card-img a{display:block;height:100%}.ct-grid img{height:100%;width:100%;object-fit:cover}.ct-btn {display: flex;width: 100%;justify-content: center;}<\/style>[\/et_pb_code][\/et_pb_column][\/et_pb_row][\/et_pb_section]<\/p>\n","protected":false},"excerpt":{"rendered":"<p>[et_pb_section fb_built=\u00bb1&#8243; fullwidth=\u00bbon\u00bb _builder_version=\u00bb4.3.4&#8243;][et_pb_fullwidth_slider admin_label=\u00bbPage Slider\u00bb module_class=\u00bbpage-header-slider\u00bb _builder_version=\u00bb4.4.2&#8243;][et_pb_slide heading=\u00bb\u00c1rea m\u00e9dica\u00bb button_text=\u00bbHaga clic en\u00bb _builder_version=\u00bb4.4.2&#8243; background_image=\u00bbhttps:\/\/exerens.com\/wp-content\/uploads\/2020\/04\/Area-Medica_886.jpg\u00bb background_enable_image=\u00bbon\u00bb sticky_transition=\u00bbon\u00bb][\/et_pb_slide][\/et_pb_fullwidth_slider][\/et_pb_section][et_pb_section fb_built=\u00bb1&#8243; _builder_version=\u00bb3.25.4&#8243; custom_padding=\u00bb25px||13px|||\u00bb][et_pb_row _builder_version=\u00bb3.25.4&#8243;][et_pb_column type=\u00bb4_4&#8243; _builder_version=\u00bb3.25.4&#8243;][et_pb_text _builder_version=\u00bb4.3.4&#8243;] Exerens es una empresa impulsada por la innovaci\u00f3n y la investigaci\u00f3n cient\u00edfica en colaboraci\u00f3n con el Departamento de Ciencias F\u00edsicas, de la Tierra y del Medio Ambiente de la Universidad de [&hellip;]<\/p>\n","protected":false},"author":3,"featured_media":0,"parent":35728,"menu_order":61,"comment_status":"closed","ping_status":"closed","template":"","meta":{"_et_pb_use_builder":"on","_et_pb_old_content":"","_et_gb_content_width":""},"yoast_head":"<!-- This site is optimized with the Yoast SEO plugin v18.0 - https:\/\/yoast.com\/wordpress\/plugins\/seo\/ -->\n<title>\u00c1rea m\u00e9dica - Exerens<\/title>\n<meta name=\"robots\" content=\"index, follow, max-snippet:-1, max-image-preview:large, max-video-preview:-1\" \/>\n<link rel=\"canonical\" href=\"https:\/\/exerens.com\/es\/areas\/area-medica\/\" \/>\n<meta property=\"og:locale\" content=\"es_ES\" \/>\n<meta property=\"og:type\" content=\"article\" \/>\n<meta property=\"og:title\" content=\"\u00c1rea m\u00e9dica - Exerens\" \/>\n<meta property=\"og:description\" content=\"[et_pb_section fb_built=\u00bb1&#8243; fullwidth=\u00bbon\u00bb _builder_version=\u00bb4.3.4&#8243;][et_pb_fullwidth_slider admin_label=\u00bbPage Slider\u00bb module_class=\u00bbpage-header-slider\u00bb _builder_version=\u00bb4.4.2&#8243;][et_pb_slide heading=\u00bb\u00c1rea m\u00e9dica\u00bb button_text=\u00bbHaga clic en\u00bb _builder_version=\u00bb4.4.2&#8243; background_image=\u00bbhttps:\/\/exerens.com\/wp-content\/uploads\/2020\/04\/Area-Medica_886.jpg\u00bb background_enable_image=\u00bbon\u00bb sticky_transition=\u00bbon\u00bb][\/et_pb_slide][\/et_pb_fullwidth_slider][\/et_pb_section][et_pb_section fb_built=\u00bb1&#8243; _builder_version=\u00bb3.25.4&#8243; custom_padding=\u00bb25px||13px|||\u00bb][et_pb_row _builder_version=\u00bb3.25.4&#8243;][et_pb_column type=\u00bb4_4&#8243; _builder_version=\u00bb3.25.4&#8243;][et_pb_text _builder_version=\u00bb4.3.4&#8243;] Exerens es una empresa impulsada por la innovaci\u00f3n y la investigaci\u00f3n cient\u00edfica en colaboraci\u00f3n con el Departamento de Ciencias F\u00edsicas, de la Tierra y del Medio Ambiente de la Universidad de [&hellip;]\" \/>\n<meta property=\"og:url\" content=\"https:\/\/exerens.com\/es\/areas\/area-medica\/\" \/>\n<meta property=\"og:site_name\" content=\"Exerens\" \/>\n<meta property=\"article:modified_time\" content=\"2021-12-20T13:38:34+00:00\" \/>\n<meta name=\"twitter:card\" content=\"summary_large_image\" \/>\n<meta name=\"twitter:label1\" content=\"Tiempo de lectura\" \/>\n\t<meta name=\"twitter:data1\" content=\"2 minutos\" \/>\n<script type=\"application\/ld+json\" class=\"yoast-schema-graph\">{\"@context\":\"https:\/\/schema.org\",\"@graph\":[{\"@type\":\"WebSite\",\"@id\":\"https:\/\/exerens.com\/#website\",\"url\":\"https:\/\/exerens.com\/\",\"name\":\"Exerens\",\"description\":\"Recuperar el Equilibrio Natural\",\"potentialAction\":[{\"@type\":\"SearchAction\",\"target\":{\"@type\":\"EntryPoint\",\"urlTemplate\":\"https:\/\/exerens.com\/?s={search_term_string}\"},\"query-input\":\"required name=search_term_string\"}],\"inLanguage\":\"es\"},{\"@type\":\"WebPage\",\"@id\":\"https:\/\/exerens.com\/es\/areas\/area-medica\/#webpage\",\"url\":\"https:\/\/exerens.com\/es\/areas\/area-medica\/\",\"name\":\"\u00c1rea m\u00e9dica - Exerens\",\"isPartOf\":{\"@id\":\"https:\/\/exerens.com\/#website\"},\"datePublished\":\"2021-12-20T13:38:33+00:00\",\"dateModified\":\"2021-12-20T13:38:34+00:00\",\"breadcrumb\":{\"@id\":\"https:\/\/exerens.com\/es\/areas\/area-medica\/#breadcrumb\"},\"inLanguage\":\"es\",\"potentialAction\":[{\"@type\":\"ReadAction\",\"target\":[\"https:\/\/exerens.com\/es\/areas\/area-medica\/\"]}]},{\"@type\":\"BreadcrumbList\",\"@id\":\"https:\/\/exerens.com\/es\/areas\/area-medica\/#breadcrumb\",\"itemListElement\":[{\"@type\":\"ListItem\",\"position\":1,\"name\":\"Home\",\"item\":\"https:\/\/exerens.com\/es\/\"},{\"@type\":\"ListItem\",\"position\":2,\"name\":\"\u00c1reas\",\"item\":\"https:\/\/exerens.com\/es\/areas\/\"},{\"@type\":\"ListItem\",\"position\":3,\"name\":\"\u00c1rea m\u00e9dica\"}]}]}<\/script>\n<!-- \/ Yoast SEO plugin. -->","yoast_head_json":{"title":"\u00c1rea m\u00e9dica - Exerens","robots":{"index":"index","follow":"follow","max-snippet":"max-snippet:-1","max-image-preview":"max-image-preview:large","max-video-preview":"max-video-preview:-1"},"canonical":"https:\/\/exerens.com\/es\/areas\/area-medica\/","og_locale":"es_ES","og_type":"article","og_title":"\u00c1rea m\u00e9dica - Exerens","og_description":"[et_pb_section fb_built=\u00bb1&#8243; fullwidth=\u00bbon\u00bb _builder_version=\u00bb4.3.4&#8243;][et_pb_fullwidth_slider admin_label=\u00bbPage Slider\u00bb module_class=\u00bbpage-header-slider\u00bb _builder_version=\u00bb4.4.2&#8243;][et_pb_slide heading=\u00bb\u00c1rea m\u00e9dica\u00bb button_text=\u00bbHaga clic en\u00bb _builder_version=\u00bb4.4.2&#8243; background_image=\u00bbhttps:\/\/exerens.com\/wp-content\/uploads\/2020\/04\/Area-Medica_886.jpg\u00bb background_enable_image=\u00bbon\u00bb sticky_transition=\u00bbon\u00bb][\/et_pb_slide][\/et_pb_fullwidth_slider][\/et_pb_section][et_pb_section fb_built=\u00bb1&#8243; _builder_version=\u00bb3.25.4&#8243; custom_padding=\u00bb25px||13px|||\u00bb][et_pb_row _builder_version=\u00bb3.25.4&#8243;][et_pb_column type=\u00bb4_4&#8243; _builder_version=\u00bb3.25.4&#8243;][et_pb_text _builder_version=\u00bb4.3.4&#8243;] Exerens es una empresa impulsada por la innovaci\u00f3n y la investigaci\u00f3n cient\u00edfica en colaboraci\u00f3n con el Departamento de Ciencias F\u00edsicas, de la Tierra y del Medio Ambiente de la Universidad de [&hellip;]","og_url":"https:\/\/exerens.com\/es\/areas\/area-medica\/","og_site_name":"Exerens","article_modified_time":"2021-12-20T13:38:34+00:00","twitter_card":"summary_large_image","twitter_misc":{"Tiempo de lectura":"2 minutos"},"schema":{"@context":"https:\/\/schema.org","@graph":[{"@type":"WebSite","@id":"https:\/\/exerens.com\/#website","url":"https:\/\/exerens.com\/","name":"Exerens","description":"Recuperar el Equilibrio Natural","potentialAction":[{"@type":"SearchAction","target":{"@type":"EntryPoint","urlTemplate":"https:\/\/exerens.com\/?s={search_term_string}"},"query-input":"required name=search_term_string"}],"inLanguage":"es"},{"@type":"WebPage","@id":"https:\/\/exerens.com\/es\/areas\/area-medica\/#webpage","url":"https:\/\/exerens.com\/es\/areas\/area-medica\/","name":"\u00c1rea m\u00e9dica - Exerens","isPartOf":{"@id":"https:\/\/exerens.com\/#website"},"datePublished":"2021-12-20T13:38:33+00:00","dateModified":"2021-12-20T13:38:34+00:00","breadcrumb":{"@id":"https:\/\/exerens.com\/es\/areas\/area-medica\/#breadcrumb"},"inLanguage":"es","potentialAction":[{"@type":"ReadAction","target":["https:\/\/exerens.com\/es\/areas\/area-medica\/"]}]},{"@type":"BreadcrumbList","@id":"https:\/\/exerens.com\/es\/areas\/area-medica\/#breadcrumb","itemListElement":[{"@type":"ListItem","position":1,"name":"Home","item":"https:\/\/exerens.com\/es\/"},{"@type":"ListItem","position":2,"name":"\u00c1reas","item":"https:\/\/exerens.com\/es\/areas\/"},{"@type":"ListItem","position":3,"name":"\u00c1rea m\u00e9dica"}]}]}},"_links":{"self":[{"href":"https:\/\/exerens.com\/es\/wp-json\/wp\/v2\/pages\/35763"}],"collection":[{"href":"https:\/\/exerens.com\/es\/wp-json\/wp\/v2\/pages"}],"about":[{"href":"https:\/\/exerens.com\/es\/wp-json\/wp\/v2\/types\/page"}],"author":[{"embeddable":true,"href":"https:\/\/exerens.com\/es\/wp-json\/wp\/v2\/users\/3"}],"replies":[{"embeddable":true,"href":"https:\/\/exerens.com\/es\/wp-json\/wp\/v2\/comments?post=35763"}],"version-history":[{"count":3,"href":"https:\/\/exerens.com\/es\/wp-json\/wp\/v2\/pages\/35763\/revisions"}],"predecessor-version":[{"id":35769,"href":"https:\/\/exerens.com\/es\/wp-json\/wp\/v2\/pages\/35763\/revisions\/35769"}],"up":[{"embeddable":true,"href":"https:\/\/exerens.com\/es\/wp-json\/wp\/v2\/pages\/35728"}],"wp:attachment":[{"href":"https:\/\/exerens.com\/es\/wp-json\/wp\/v2\/media?parent=35763"}],"curies":[{"name":"wp","href":"https:\/\/api.w.org\/{rel}","templated":true}]}}