{"id":35764,"date":"2021-12-20T14:38:33","date_gmt":"2021-12-20T13:38:33","guid":{"rendered":"https:\/\/exerens.com\/areas\/area-terapeutica\/fitoterapia\/"},"modified":"2022-02-13T11:18:13","modified_gmt":"2022-02-13T10:18:13","slug":"fitoterapia","status":"publish","type":"page","link":"https:\/\/exerens.com\/es\/areas\/area-terapeutica\/fitoterapia\/","title":{"rendered":"Fitoterapia"},"content":{"rendered":"<p>[et_pb_section fb_built=\u00bb1&#8243; fullwidth=\u00bbon\u00bb _builder_version=\u00bb4.3.4&#8243;][et_pb_fullwidth_slider admin_label=\u00bbPage Slider\u00bb module_class=\u00bbpage-header-slider\u00bb _builder_version=\u00bb4.4.2&#8243;][et_pb_slide heading=\u00bbFitoterapia\u00bb button_text=\u00bbHaga clic en\u00bb _builder_version=\u00bb4.4.2&#8243; background_image=\u00bbhttps:\/\/exerens.com\/wp-content\/uploads\/2020\/04\/Area-Terapeutica-Fitoterapia_122319781-scaled.jpg\u00bb background_enable_image=\u00bbon\u00bb][\/et_pb_slide][\/et_pb_fullwidth_slider][\/et_pb_section][et_pb_section fb_built=\u00bb1&#8243; _builder_version=\u00bb3.25.4&#8243; custom_padding=\u00bb30px||30px|||\u00bb][et_pb_row _builder_version=\u00bb4.3.4&#8243; custom_padding=\u00bb0px||0px|||\u00bb][et_pb_column type=\u00bb4_4&#8243; _builder_version=\u00bb4.3.4&#8243;][et_pb_image src=\u00bbhttps:\/\/exerens.com\/wp-content\/uploads\/2020\/03\/fitoterapia-full.png\u00bb module_class=\u00bbsection-icon\u00bb _builder_version=\u00bb4.3.4&#8243; custom_css_main_element=\u00bbdisplay: flex;||justify-content: center;\u00bb][\/et_pb_image][\/et_pb_column][\/et_pb_row][\/et_pb_section][et_pb_section fb_built=\u00bb1&#8243; _builder_version=\u00bb4.3.4&#8243; custom_padding=\u00bb0px||0px|||\u00bb][et_pb_row _builder_version=\u00bb4.3.4&#8243;][et_pb_column type=\u00bb4_4&#8243; _builder_version=\u00bb4.3.4&#8243;][et_pb_text _builder_version=\u00bb4.3.4&#8243;]<\/p>\n<p style=\"text-align: center;\">\n<p style=\"text-align: center;\"><span><span style=\"font-size: large;\"> <strong>La fitoterapia<\/strong> es la ciencia que trata y previene las enfermedades y trastornos por medio de las plantas medicinales.  <\/span><\/span><\/p>\n<p style=\"text-align: center;\"><span><span style=\"font-size: large;\">Estudia las capacidades curativas de las plantas y los medicamentos a base de plantas (la parte de la planta que se utiliza con fines terap\u00e9uticos), sus principios activos y su mecanismo de acci\u00f3n farmacol\u00f3gica, las indicaciones generales, la posolog\u00eda, las contraindicaciones y las v\u00edas de administraci\u00f3n adecuadas.  <\/span><\/span><\/p>\n<p style=\"text-align: center;\"><span><span style=\"font-size: large;\">Los medicamentos a base de plantas forman parte del conjunto terap\u00e9utico del que dispone la medicina convencional y dentro del cual el m\u00e9dico puede elegir seg\u00fan lo que considere m\u00e1s \u00fatil para el paciente.  <\/span><\/span><\/p>\n<p style=\"text-align: center;\"><span><span style=\"font-size: large;\">Para nuestros productos, <strong>utilizamos extractos de plantas de calidad con ingredientes activos titulados<\/strong>.  <\/span><\/span><\/p>\n<p style=\"text-align: center;\"><span><span style=\"font-size: large;\">Producimos seg\u00fan las buenas normas de preparaci\u00f3n farmac\u00e9utica y realizamos controles de calidad para garantizar la seguridad, as\u00ed como la cuantificaci\u00f3n de los <em>marcadores<\/em> qu\u00edmicos para asegurar el potencial terap\u00e9utico. Nuestras formulaciones se desarrollan en colaboraci\u00f3n con el Departamento de Ciencias F\u00edsicas, de la Tierra y del Medio Ambiente de la Universidad de Siena.<\/span><\/span><\/p>\n<p style=\"text-align: center;\"><span><span style=\"font-size: large;\">Todos los productos contienen <strong>Equilmixin\u00ae<\/strong>, un complejo fitoterap\u00e9utico especialmente desarrollado para enriquecer y potenciar sus propiedades.<\/span><\/span><\/p>\n<p>[\/et_pb_text][\/et_pb_column][\/et_pb_row][\/et_pb_section][et_pb_section fb_built=\u00bb1&#8243; _builder_version=\u00bb4.3.4&#8243; locked=\u00bboff\u00bb][et_pb_row _builder_version=\u00bb4.3.4&#8243;][et_pb_column type=\u00bb4_4&#8243; _builder_version=\u00bb4.3.4&#8243;][et_pb_text _builder_version=\u00bb4.3.4&#8243;]<\/p>\n<h2 style=\"text-align: center;\"><strong>ART\u00cdCULOS DE INTER\u00c9S<br \/><\/strong><\/h2>\n<p>[\/et_pb_text][\/et_pb_column][\/et_pb_row][et_pb_row _builder_version=\u00bb4.3.4&#8243;][et_pb_column type=\u00bb4_4&#8243; _builder_version=\u00bb4.3.4&#8243;][et_pb_blog fullwidth=\u00bboff\u00bb include_categories=\u00bb45&#8243; _builder_version=\u00bb4.3.4&#8243;][\/et_pb_blog][\/et_pb_column][\/et_pb_row][\/et_pb_section][et_pb_section fb_built=\u00bb1&#8243; _builder_version=\u00bb4.3.4&#8243; custom_padding=\u00bb0px||0px|||\u00bb][et_pb_row _builder_version=\u00bb4.3.4&#8243;][et_pb_column type=\u00bb4_4&#8243; _builder_version=\u00bb4.3.4&#8243;][et_pb_shop type=\u00bbproduct_category\u00bb include_categories=\u00bball\u00bb module_class=\u00bbproduct-list\u00bb _builder_version=\u00bb4.4.2&#8243; title_text_align=\u00bbcenter\u00bb price_text_align=\u00bbcenter\u00bb custom_padding=\u00bb||0px|||\u00bb global_module=\u00bb33527&#8243; custom_css_before_last_edited=\u00bbon|desktop\u00bb][\/et_pb_shop][\/et_pb_column][\/et_pb_row][\/et_pb_section]<\/p>\n","protected":false},"excerpt":{"rendered":"<p>La fitoterapia es la ciencia que trata y previene las enfermedades y trastornos por medio de las plantas medicinales. Estudia las capacidades curativas de las plantas y los medicamentos a base de plantas (la parte de la planta que se utiliza con fines terap\u00e9uticos), sus principios activos y su mecanismo de acci\u00f3n farmacol\u00f3gica, las indicaciones [&hellip;]<\/p>\n","protected":false},"author":3,"featured_media":0,"parent":35756,"menu_order":54,"comment_status":"closed","ping_status":"closed","template":"","meta":{"_et_pb_use_builder":"on","_et_pb_old_content":"","_et_gb_content_width":""},"yoast_head":"<!-- This site is optimized with the Yoast SEO plugin v18.0 - https:\/\/yoast.com\/wordpress\/plugins\/seo\/ -->\n<title>Fitoterapia - Exerens<\/title>\n<meta name=\"robots\" content=\"index, follow, max-snippet:-1, max-image-preview:large, max-video-preview:-1\" \/>\n<link rel=\"canonical\" href=\"https:\/\/exerens.com\/es\/areas\/area-terapeutica\/fitoterapia\/\" \/>\n<meta property=\"og:locale\" content=\"es_ES\" \/>\n<meta property=\"og:type\" content=\"article\" \/>\n<meta property=\"og:title\" content=\"Fitoterapia - Exerens\" \/>\n<meta property=\"og:description\" content=\"La fitoterapia es la ciencia que trata y previene las enfermedades y trastornos por medio de las plantas medicinales. Estudia las capacidades curativas de las plantas y los medicamentos a base de plantas (la parte de la planta que se utiliza con fines terap\u00e9uticos), sus principios activos y su mecanismo de acci\u00f3n farmacol\u00f3gica, las indicaciones [&hellip;]\" \/>\n<meta property=\"og:url\" content=\"https:\/\/exerens.com\/es\/areas\/area-terapeutica\/fitoterapia\/\" \/>\n<meta property=\"og:site_name\" content=\"Exerens\" \/>\n<meta property=\"article:modified_time\" content=\"2022-02-13T10:18:13+00:00\" \/>\n<meta name=\"twitter:card\" content=\"summary_large_image\" \/>\n<meta name=\"twitter:label1\" content=\"Tiempo de lectura\" \/>\n\t<meta name=\"twitter:data1\" content=\"3 minutos\" \/>\n<script type=\"application\/ld+json\" class=\"yoast-schema-graph\">{\"@context\":\"https:\/\/schema.org\",\"@graph\":[{\"@type\":\"WebSite\",\"@id\":\"https:\/\/exerens.com\/#website\",\"url\":\"https:\/\/exerens.com\/\",\"name\":\"Exerens\",\"description\":\"Recuperar el Equilibrio Natural\",\"potentialAction\":[{\"@type\":\"SearchAction\",\"target\":{\"@type\":\"EntryPoint\",\"urlTemplate\":\"https:\/\/exerens.com\/?s={search_term_string}\"},\"query-input\":\"required name=search_term_string\"}],\"inLanguage\":\"es\"},{\"@type\":\"WebPage\",\"@id\":\"https:\/\/exerens.com\/es\/areas\/area-terapeutica\/fitoterapia\/#webpage\",\"url\":\"https:\/\/exerens.com\/es\/areas\/area-terapeutica\/fitoterapia\/\",\"name\":\"Fitoterapia - Exerens\",\"isPartOf\":{\"@id\":\"https:\/\/exerens.com\/#website\"},\"datePublished\":\"2021-12-20T13:38:33+00:00\",\"dateModified\":\"2022-02-13T10:18:13+00:00\",\"breadcrumb\":{\"@id\":\"https:\/\/exerens.com\/es\/areas\/area-terapeutica\/fitoterapia\/#breadcrumb\"},\"inLanguage\":\"es\",\"potentialAction\":[{\"@type\":\"ReadAction\",\"target\":[\"https:\/\/exerens.com\/es\/areas\/area-terapeutica\/fitoterapia\/\"]}]},{\"@type\":\"BreadcrumbList\",\"@id\":\"https:\/\/exerens.com\/es\/areas\/area-terapeutica\/fitoterapia\/#breadcrumb\",\"itemListElement\":[{\"@type\":\"ListItem\",\"position\":1,\"name\":\"Home\",\"item\":\"https:\/\/exerens.com\/es\/\"},{\"@type\":\"ListItem\",\"position\":2,\"name\":\"\u00c1reas\",\"item\":\"https:\/\/exerens.com\/es\/areas\/\"},{\"@type\":\"ListItem\",\"position\":3,\"name\":\"\u00c1rea terap\u00e9utica\",\"item\":\"https:\/\/exerens.com\/es\/areas\/area-terapeutica\/\"},{\"@type\":\"ListItem\",\"position\":4,\"name\":\"Fitoterapia\"}]}]}<\/script>\n<!-- \/ Yoast SEO plugin. -->","yoast_head_json":{"title":"Fitoterapia - Exerens","robots":{"index":"index","follow":"follow","max-snippet":"max-snippet:-1","max-image-preview":"max-image-preview:large","max-video-preview":"max-video-preview:-1"},"canonical":"https:\/\/exerens.com\/es\/areas\/area-terapeutica\/fitoterapia\/","og_locale":"es_ES","og_type":"article","og_title":"Fitoterapia - Exerens","og_description":"La fitoterapia es la ciencia que trata y previene las enfermedades y trastornos por medio de las plantas medicinales. Estudia las capacidades curativas de las plantas y los medicamentos a base de plantas (la parte de la planta que se utiliza con fines terap\u00e9uticos), sus principios activos y su mecanismo de acci\u00f3n farmacol\u00f3gica, las indicaciones [&hellip;]","og_url":"https:\/\/exerens.com\/es\/areas\/area-terapeutica\/fitoterapia\/","og_site_name":"Exerens","article_modified_time":"2022-02-13T10:18:13+00:00","twitter_card":"summary_large_image","twitter_misc":{"Tiempo de lectura":"3 minutos"},"schema":{"@context":"https:\/\/schema.org","@graph":[{"@type":"WebSite","@id":"https:\/\/exerens.com\/#website","url":"https:\/\/exerens.com\/","name":"Exerens","description":"Recuperar el Equilibrio Natural","potentialAction":[{"@type":"SearchAction","target":{"@type":"EntryPoint","urlTemplate":"https:\/\/exerens.com\/?s={search_term_string}"},"query-input":"required name=search_term_string"}],"inLanguage":"es"},{"@type":"WebPage","@id":"https:\/\/exerens.com\/es\/areas\/area-terapeutica\/fitoterapia\/#webpage","url":"https:\/\/exerens.com\/es\/areas\/area-terapeutica\/fitoterapia\/","name":"Fitoterapia - Exerens","isPartOf":{"@id":"https:\/\/exerens.com\/#website"},"datePublished":"2021-12-20T13:38:33+00:00","dateModified":"2022-02-13T10:18:13+00:00","breadcrumb":{"@id":"https:\/\/exerens.com\/es\/areas\/area-terapeutica\/fitoterapia\/#breadcrumb"},"inLanguage":"es","potentialAction":[{"@type":"ReadAction","target":["https:\/\/exerens.com\/es\/areas\/area-terapeutica\/fitoterapia\/"]}]},{"@type":"BreadcrumbList","@id":"https:\/\/exerens.com\/es\/areas\/area-terapeutica\/fitoterapia\/#breadcrumb","itemListElement":[{"@type":"ListItem","position":1,"name":"Home","item":"https:\/\/exerens.com\/es\/"},{"@type":"ListItem","position":2,"name":"\u00c1reas","item":"https:\/\/exerens.com\/es\/areas\/"},{"@type":"ListItem","position":3,"name":"\u00c1rea terap\u00e9utica","item":"https:\/\/exerens.com\/es\/areas\/area-terapeutica\/"},{"@type":"ListItem","position":4,"name":"Fitoterapia"}]}]}},"_links":{"self":[{"href":"https:\/\/exerens.com\/es\/wp-json\/wp\/v2\/pages\/35764"}],"collection":[{"href":"https:\/\/exerens.com\/es\/wp-json\/wp\/v2\/pages"}],"about":[{"href":"https:\/\/exerens.com\/es\/wp-json\/wp\/v2\/types\/page"}],"author":[{"embeddable":true,"href":"https:\/\/exerens.com\/es\/wp-json\/wp\/v2\/users\/3"}],"replies":[{"embeddable":true,"href":"https:\/\/exerens.com\/es\/wp-json\/wp\/v2\/comments?post=35764"}],"version-history":[{"count":12,"href":"https:\/\/exerens.com\/es\/wp-json\/wp\/v2\/pages\/35764\/revisions"}],"predecessor-version":[{"id":36782,"href":"https:\/\/exerens.com\/es\/wp-json\/wp\/v2\/pages\/35764\/revisions\/36782"}],"up":[{"embeddable":true,"href":"https:\/\/exerens.com\/es\/wp-json\/wp\/v2\/pages\/35756"}],"wp:attachment":[{"href":"https:\/\/exerens.com\/es\/wp-json\/wp\/v2\/media?parent=35764"}],"curies":[{"name":"wp","href":"https:\/\/api.w.org\/{rel}","templated":true}]}}