{"id":35771,"date":"2021-12-20T14:38:35","date_gmt":"2021-12-20T13:38:35","guid":{"rendered":"https:\/\/exerens.com\/productos\/"},"modified":"2021-12-20T14:38:40","modified_gmt":"2021-12-20T13:38:40","slug":"tienda","status":"publish","type":"page","link":"https:\/\/exerens.com\/es\/tienda\/","title":{"rendered":"Productos"},"content":{"rendered":"<p>[et_pb_section fb_built=\u00bb1&#8243; fullwidth=\u00bbon\u00bb _builder_version=\u00bb4.3.4&#8243; locked=\u00bboff\u00bb][et_pb_fullwidth_slider admin_label=\u00bbPage Slider\u00bb module_class=\u00bbpage-header-slider\u00bb _builder_version=\u00bb4.4.2&#8243;][et_pb_slide heading=\u00bbProductos\u00bb button_text=\u00bbHaga clic en\u00bb _builder_version=\u00bb4.4.2&#8243; background_image=\u00bbhttps:\/\/exerens.com\/wp-content\/uploads\/2020\/04\/Header-Prodotti_266393313.jpg\u00bb background_enable_image=\u00bbon\u00bb][\/et_pb_slide][\/et_pb_fullwidth_slider][\/et_pb_section][et_pb_section fb_built=\u00bb1&#8243; _builder_version=\u00bb3.22.3&#8243; custom_padding=\u00bb0px||0px|||\u00bb][et_pb_row _builder_version=\u00bb3.25&#8243; custom_margin=\u00bb|||\u00bb custom_padding=\u00bb|||\u00bb][et_pb_column type=\u00bb4_4&#8243; _builder_version=\u00bb3.25&#8243; custom_padding=\u00bb|||\u00bb custom_padding__hover=\u00bb|||\u00bb][et_pb_text _builder_version=\u00bb4.0.7&#8243;]<\/p>\n<div data-packed=\"false\" data-min-height=\"57\" class=\"txtNew\" id=\"comp-ilcc3l1n\">\n<p class=\"font_8\" style=\"text-align: center\"><span style=\"font-size: large\">Exerens es una empresa impulsada por la innovaci\u00f3n y la investigaci\u00f3n cient\u00edfica en colaboraci\u00f3n con el Departamento de Ciencias F\u00edsicas, de la Tierra y del Medio Ambiente de la Universidad de Siena y la Clase de Medicina Especializada.  <\/span><span style=\"font-size: large\">Todos los productos contienen Equilmixin\u00ae, un complejo fitoterap\u00e9utico especialmente desarrollado para enriquecer y potenciar sus propiedades.<\/span><\/p>\n<\/div>\n<div data-packed=\"true\" class=\"txtNew\" id=\"comp-ilcc9xmv\" style=\"text-align: center\">\n<div class=\"page\" title=\"Page 2\">\n<div class=\"layoutArea\">\n<div class=\"column\"><\/div>\n<\/div>\n<\/div>\n<\/div>\n<p>[\/et_pb_text][\/et_pb_column][\/et_pb_row][et_pb_row _builder_version=\u00bb4.4.2&#8243;][et_pb_column type=\u00bb4_4&#8243; _builder_version=\u00bb4.4.2&#8243;][et_pb_shop type=\u00bbproduct_category\u00bb include_categories=\u00bball\u00bb columns_number=\u00bb4&#8243; module_class=\u00bbproduct-list\u00bb _builder_version=\u00bb4.5.7&#8243; title_text_align=\u00bbcenter\u00bb price_text_align=\u00bbcenter\u00bb width=\u00bb100%\u00bb max_width=\u00bb47%\u00bb custom_padding=\u00bb||0px|||\u00bb hover_enabled=\u00bb0&#8243; global_module=\u00bb33527&#8243; custom_css_before_last_edited=\u00bbon|desktop\u00bb orderby=\u00bbmenu_order\u00bb][\/et_pb_shop][\/et_pb_column][\/et_pb_row][\/et_pb_section]<\/p>\n","protected":false},"excerpt":{"rendered":"<p>Exerens es una empresa impulsada por la innovaci\u00f3n y la investigaci\u00f3n cient\u00edfica en colaboraci\u00f3n con el Departamento de Ciencias F\u00edsicas, de la Tierra y del Medio Ambiente de la Universidad de Siena y la Clase de Medicina Especializada. Todos los productos contienen Equilmixin\u00ae, un complejo fitoterap\u00e9utico especialmente desarrollado para enriquecer y potenciar sus propiedades.<\/p>\n","protected":false},"author":3,"featured_media":0,"parent":0,"menu_order":77,"comment_status":"closed","ping_status":"closed","template":"","meta":{"_et_pb_use_builder":"on","_et_pb_old_content":"","_et_gb_content_width":""},"yoast_head":"<!-- This site is optimized with the Yoast SEO plugin v18.0 - https:\/\/yoast.com\/wordpress\/plugins\/seo\/ -->\n<title>Productos - Exerens<\/title>\n<meta name=\"robots\" content=\"index, follow, max-snippet:-1, max-image-preview:large, max-video-preview:-1\" \/>\n<link rel=\"canonical\" href=\"https:\/\/exerens.com\/es\/tienda\/\" \/>\n<meta property=\"og:locale\" content=\"es_ES\" \/>\n<meta property=\"og:type\" content=\"article\" \/>\n<meta property=\"og:title\" content=\"Productos - Exerens\" \/>\n<meta property=\"og:description\" content=\"Exerens es una empresa impulsada por la innovaci\u00f3n y la investigaci\u00f3n cient\u00edfica en colaboraci\u00f3n con el Departamento de Ciencias F\u00edsicas, de la Tierra y del Medio Ambiente de la Universidad de Siena y la Clase de Medicina Especializada. Todos los productos contienen Equilmixin\u00ae, un complejo fitoterap\u00e9utico especialmente desarrollado para enriquecer y potenciar sus propiedades.\" \/>\n<meta property=\"og:url\" content=\"https:\/\/exerens.com\/es\/tienda\/\" \/>\n<meta property=\"og:site_name\" content=\"Exerens\" \/>\n<meta property=\"article:modified_time\" content=\"2021-12-20T13:38:40+00:00\" \/>\n<meta name=\"twitter:card\" content=\"summary_large_image\" \/>\n<meta name=\"twitter:label1\" content=\"Tiempo de lectura\" \/>\n\t<meta name=\"twitter:data1\" content=\"1 minuto\" \/>\n<script type=\"application\/ld+json\" class=\"yoast-schema-graph\">{\"@context\":\"https:\/\/schema.org\",\"@graph\":[{\"@type\":\"WebSite\",\"@id\":\"https:\/\/exerens.com\/#website\",\"url\":\"https:\/\/exerens.com\/\",\"name\":\"Exerens\",\"description\":\"Recuperar el Equilibrio Natural\",\"potentialAction\":[{\"@type\":\"SearchAction\",\"target\":{\"@type\":\"EntryPoint\",\"urlTemplate\":\"https:\/\/exerens.com\/?s={search_term_string}\"},\"query-input\":\"required name=search_term_string\"}],\"inLanguage\":\"es\"},{\"@type\":\"WebPage\",\"@id\":\"https:\/\/exerens.com\/es\/tienda\/#webpage\",\"url\":\"https:\/\/exerens.com\/es\/tienda\/\",\"name\":\"Productos - Exerens\",\"isPartOf\":{\"@id\":\"https:\/\/exerens.com\/#website\"},\"datePublished\":\"2021-12-20T13:38:35+00:00\",\"dateModified\":\"2021-12-20T13:38:40+00:00\",\"breadcrumb\":{\"@id\":\"https:\/\/exerens.com\/es\/tienda\/#breadcrumb\"},\"inLanguage\":\"es\",\"potentialAction\":[{\"@type\":\"ReadAction\",\"target\":[\"https:\/\/exerens.com\/es\/tienda\/\"]}]},{\"@type\":\"BreadcrumbList\",\"@id\":\"https:\/\/exerens.com\/es\/tienda\/#breadcrumb\",\"itemListElement\":[{\"@type\":\"ListItem\",\"position\":1,\"name\":\"Home\",\"item\":\"https:\/\/exerens.com\/es\/\"},{\"@type\":\"ListItem\",\"position\":2,\"name\":\"Productos\"}]}]}<\/script>\n<!-- \/ Yoast SEO plugin. -->","yoast_head_json":{"title":"Productos - Exerens","robots":{"index":"index","follow":"follow","max-snippet":"max-snippet:-1","max-image-preview":"max-image-preview:large","max-video-preview":"max-video-preview:-1"},"canonical":"https:\/\/exerens.com\/es\/tienda\/","og_locale":"es_ES","og_type":"article","og_title":"Productos - Exerens","og_description":"Exerens es una empresa impulsada por la innovaci\u00f3n y la investigaci\u00f3n cient\u00edfica en colaboraci\u00f3n con el Departamento de Ciencias F\u00edsicas, de la Tierra y del Medio Ambiente de la Universidad de Siena y la Clase de Medicina Especializada. Todos los productos contienen Equilmixin\u00ae, un complejo fitoterap\u00e9utico especialmente desarrollado para enriquecer y potenciar sus propiedades.","og_url":"https:\/\/exerens.com\/es\/tienda\/","og_site_name":"Exerens","article_modified_time":"2021-12-20T13:38:40+00:00","twitter_card":"summary_large_image","twitter_misc":{"Tiempo de lectura":"1 minuto"},"schema":{"@context":"https:\/\/schema.org","@graph":[{"@type":"WebSite","@id":"https:\/\/exerens.com\/#website","url":"https:\/\/exerens.com\/","name":"Exerens","description":"Recuperar el Equilibrio Natural","potentialAction":[{"@type":"SearchAction","target":{"@type":"EntryPoint","urlTemplate":"https:\/\/exerens.com\/?s={search_term_string}"},"query-input":"required name=search_term_string"}],"inLanguage":"es"},{"@type":"WebPage","@id":"https:\/\/exerens.com\/es\/tienda\/#webpage","url":"https:\/\/exerens.com\/es\/tienda\/","name":"Productos - Exerens","isPartOf":{"@id":"https:\/\/exerens.com\/#website"},"datePublished":"2021-12-20T13:38:35+00:00","dateModified":"2021-12-20T13:38:40+00:00","breadcrumb":{"@id":"https:\/\/exerens.com\/es\/tienda\/#breadcrumb"},"inLanguage":"es","potentialAction":[{"@type":"ReadAction","target":["https:\/\/exerens.com\/es\/tienda\/"]}]},{"@type":"BreadcrumbList","@id":"https:\/\/exerens.com\/es\/tienda\/#breadcrumb","itemListElement":[{"@type":"ListItem","position":1,"name":"Home","item":"https:\/\/exerens.com\/es\/"},{"@type":"ListItem","position":2,"name":"Productos"}]}]}},"_links":{"self":[{"href":"https:\/\/exerens.com\/es\/wp-json\/wp\/v2\/pages\/35771"}],"collection":[{"href":"https:\/\/exerens.com\/es\/wp-json\/wp\/v2\/pages"}],"about":[{"href":"https:\/\/exerens.com\/es\/wp-json\/wp\/v2\/types\/page"}],"author":[{"embeddable":true,"href":"https:\/\/exerens.com\/es\/wp-json\/wp\/v2\/users\/3"}],"replies":[{"embeddable":true,"href":"https:\/\/exerens.com\/es\/wp-json\/wp\/v2\/comments?post=35771"}],"version-history":[{"count":9,"href":"https:\/\/exerens.com\/es\/wp-json\/wp\/v2\/pages\/35771\/revisions"}],"predecessor-version":[{"id":35783,"href":"https:\/\/exerens.com\/es\/wp-json\/wp\/v2\/pages\/35771\/revisions\/35783"}],"wp:attachment":[{"href":"https:\/\/exerens.com\/es\/wp-json\/wp\/v2\/media?parent=35771"}],"curies":[{"name":"wp","href":"https:\/\/api.w.org\/{rel}","templated":true}]}}