{"id":35991,"date":"2019-12-05T09:56:09","date_gmt":"2021-12-20T14:53:15","guid":{"rendered":"https:\/\/exerens.com\/prodotto\/xerenens\/"},"modified":"2022-01-13T10:29:22","modified_gmt":"2022-01-13T09:29:22","slug":"xerenens","status":"publish","type":"product","link":"https:\/\/exerens.com\/es\/producto\/xerenens\/","title":{"rendered":"Xerenens"},"content":{"rendered":"<p>[et_pb_section fb_built=\u00bb1&#8243; _builder_version=\u00bb3.22&#8243; custom_padding=\u00bb0px||||false|false\u00bb global_colors_info=\u00bb{}\u00bb][et_pb_row _builder_version=\u00bb3.25&#8243; background_size=\u00bbinitial\u00bb background_position=\u00bbtop_left\u00bb background_repeat=\u00bbrepeat\u00bb width=\u00bb100%\u00bb custom_padding=\u00bb0px||0px||false|false\u00bb global_colors_info=\u00bb{}\u00bb][et_pb_column type=\u00bb4_4&#8243; _builder_version=\u00bb3.25&#8243; custom_padding=\u00bb|||\u00bb global_colors_info=\u00bb{}\u00bb custom_padding__hover=\u00bb|||\u00bb][et_pb_wc_breadcrumb _builder_version=\u00bb3.0.47&#8243; global_colors_info=\u00bb{}\u00bb][\/et_pb_wc_breadcrumb][et_pb_wc_cart_notice global_colors_info=\u00bb{}\u00bb][\/et_pb_wc_cart_notice][\/et_pb_column][\/et_pb_row][et_pb_row column_structure=\u00bb1_2,1_2&#8243; _builder_version=\u00bb3.25&#8243; background_size=\u00bbinitial\u00bb background_position=\u00bbtop_left\u00bb background_repeat=\u00bbrepeat\u00bb width=\u00bb100%\u00bb custom_padding=\u00bb0px||||false|false\u00bb locked=\u00bboff\u00bb global_colors_info=\u00bb{}\u00bb][et_pb_column type=\u00bb1_2&#8243; _builder_version=\u00bb3.25&#8243; custom_padding=\u00bb|||\u00bb global_colors_info=\u00bb{}\u00bb custom_padding__hover=\u00bb|||\u00bb][et_pb_wc_images _builder_version=\u00bb3.0.47&#8243; global_colors_info=\u00bb{}\u00bb][\/et_pb_wc_images][\/et_pb_column][et_pb_column type=\u00bb1_2&#8243; _builder_version=\u00bb4.4.2&#8243; global_colors_info=\u00bb{}\u00bb][et_pb_wc_title _builder_version=\u00bb3.0.47&#8243; global_colors_info=\u00bb{}\u00bb][\/et_pb_wc_title][et_pb_wc_rating _builder_version=\u00bb3.0.47&#8243; global_colors_info=\u00bb{}\u00bb][\/et_pb_wc_rating][et_pb_wc_price _builder_version=\u00bb3.0.47&#8243; global_colors_info=\u00bb{}\u00bb][\/et_pb_wc_price][et_pb_wc_description _builder_version=\u00bb3.0.47&#8243; global_colors_info=\u00bb{}\u00bb][\/et_pb_wc_description][et_pb_wc_meta _builder_version=\u00bb3.0.47&#8243; global_colors_info=\u00bb{}\u00bb][\/et_pb_wc_meta][et_pb_accordion _builder_version=\u00bb4.14.5&#8243; hover_enabled=\u00bb0&#8243; global_colors_info=\u00bb{}\u00bb sticky_enabled=\u00bb0&#8243;][et_pb_accordion_item title=\u00bbPropiedades\u00bb open=\u00bbon\u00bb _builder_version=\u00bb4.4.2&#8243; global_colors_info=\u00bb{}\u00bb]<\/p>\n<div>Xerenens\u00ae es un complemento alimenticio desarrollado espec\u00edficamente para los ni\u00f1os como ayuda a la regulaci\u00f3n de los ritmos biol\u00f3gicos.<\/div>\n<div>Gracias a sus fitocomplejos, puede tener efectos positivos sobre:<\/div>\n<ul>\n<li>Regulaci\u00f3n del sue\u00f1o<\/li>\n<li>Relajaci\u00f3n y bienestar mental<\/li>\n<li>Regulaci\u00f3n de la motilidad intestinal y eliminaci\u00f3n de gases<\/li>\n<\/ul>\n<p>[\/et_pb_accordion_item][\/et_pb_accordion][et_pb_accordion _builder_version=\u00bb4.4.2&#8243; global_colors_info=\u00bb{}\u00bb disabled_on=\u00bbon|on|on\u00bb disabled=\u00bbon\u00bb][et_pb_accordion_item title=\u00bbPropiedades\u00bb open=\u00bbon\u00bb _builder_version=\u00bb4.4.2&#8243; global_colors_info=\u00bb{}\u00bb]<\/p>\n<div>Xerenens\u00ae es un complemento alimenticio desarrollado espec\u00edficamente para los ni\u00f1os como ayuda a la regulaci\u00f3n de los ritmos biol\u00f3gicos.<\/div>\n<div>Gracias a sus fitocomplejos, puede tener efectos positivos sobre:<\/div>\n<ul>\n<li>Regulaci\u00f3n del sue\u00f1o<\/li>\n<li>Relajaci\u00f3n y bienestar mental<\/li>\n<li>Regulaci\u00f3n de la motilidad intestinal y eliminaci\u00f3n de gases<\/li>\n<\/ul>\n<p>[\/et_pb_accordion_item][et_pb_accordion_item title=\u00bbAntecedentes\u00bb _builder_version=\u00bb4.4.2&#8243; global_colors_info=\u00bb{}\u00bb open=\u00bboff\u00bb]<\/p>\n<div>El insomnio en los ni\u00f1os se manifiesta por la dificultad para conciliar el sue\u00f1o y\/o con<\/div>\n<div>despertares nocturnos. Estos trastornos tienen una prevalencia en los ni\u00f1os de aproximadamente<\/div>\n<div>10%.(1)<\/div>\n<p>[\/et_pb_accordion_item][et_pb_accordion_item title=\u00bbC\u00f3mo utilizarlo\u00bb _builder_version=\u00bb4.4.2&#8243; global_colors_info=\u00bb{}\u00bb open=\u00bboff\u00bb]<\/p>\n<div>Se recomienda administrar de 3 a 8 pulverizaciones en la boca antes de acostarse o de despertarse por la noche.<\/div>\n<div><em><br \/>\n  <strong>Duraci\u00f3n de la terapia<\/strong><br \/>\n<\/em>Utilizar de forma continuada durante al menos 4 semanas.<\/div>\n<div><em><br \/>\n  <strong>Advertencias<\/strong><br \/>\n<\/em>No superar la dosis diaria recomendada. Mant\u00e9ngase fuera de la<\/div>\n<div>al alcance de los ni\u00f1os menores de tres a\u00f1os. Los suplementos no deben entenderse como<\/div>\n<div>como sustituto de una dieta variada y equilibrada y un estilo de vida saludable.<\/div>\n<p>[\/et_pb_accordion_item][et_pb_accordion_item title=\u00bbIngredientes\u00bb _builder_version=\u00bb4.4.2&#8243; global_colors_info=\u00bb{}\u00bb open=\u00bboff\u00bb]<\/p>\n<p>Xerenens\u00ae contiene Toronjil, Valeriana y Equilmixin\u00ae.<\/p>\n<p>[\/et_pb_accordion_item][et_pb_accordion_item title=\u00bbConocimiento cient\u00edfico\u00bb _builder_version=\u00bb4.4.2&#8243; global_colors_info=\u00bb{}\u00bb open=\u00bboff\u00bb]<\/p>\n<p><strong>Melissa<\/strong><\/p>\n<p><em>Origen<\/em> &#8211; La melisa (Melissa officinalis) es una planta herb\u00e1cea perenne de intenso olor a lim\u00f3n que crece en la zona mediterr\u00e1nea.(2)  <\/p>\n<p><em>Principios bioactivos<\/em>  &#8211; El toronjil contiene flavonoides (0,5%: lute\u00edna, quercetina, epigenina, etc.), polifenoles (\u00e1cido cafeico y derivados) y un aceite esencial compuesto principalmente por monoterpenos y sesquiterpenos. Se utilizan las hojas, que deben contener no menos del 4% de derivados hidroxicin\u00e1micos totales, expresados como \u00e1cido rosmar\u00ednico calculado sobre la droga seca.(2) La melisa presente en Xerenens\u00ae tiene una valoraci\u00f3n del 5% de \u00e1cido rosmar\u00ednico.<\/p>\n<p><em>Propiedades terap\u00e9uticas<\/em> &#8211; El extracto de melisa favorece la relajaci\u00f3n y el bienestar mental y normaliza el estado de \u00e1nimo. Favorece la motilidad gastrointestinal regular y la eliminaci\u00f3n de gases.(3)  <em>Mecanismo de acci\u00f3n<\/em> &#8211; Los estudios precl\u00ednicos han demostrado una acci\u00f3n inhibidora sobre la GABA Transaminasa (IC50 = 0,35 mg \/ ml) que resulta en un aumento de los niveles de GABA.(4)  <\/p>\n<p><em>Tolerabilidad<\/em> &#8211; La melisa es bien tolerada. Los estudios no han mostrado efectos secundarios significativos.(5)<\/p>\n<p><strong>Valeriana<\/strong><\/p>\n<p><em>Origen<\/em> &#8211; La Valeriana officinalis es una planta perenne muy com\u00fan en los bosques h\u00famedos de Europa. Las partes utilizadas son las ra\u00edces y el rizoma, que se secan cuidadosamente a una temperatura inferior a 40\u00b0C.(2)  <\/p>\n<p><em>Principios bioactivos<\/em>  &#8211; La valeriana contiene aceites esenciales, cuyos principales componentes son \u00e1cidos sesquiterp\u00e9nicos: \u00e1cido valer\u00e9nico, valeranona y valerenale (0,3-0,7%). Tambi\u00e9n contiene valepotriatos (0,5-2%), lignanos y alcaloides. El extracto seco de valeriana, obtenido de la ra\u00edz de V. officinalis, debe contener no menos del 0,42% de \u00e1cidos sesquiterp\u00e9nicos totales, calculados como \u00e1cidos valer\u00e9nicos.(2) Xerenens\u00ae tiene una valoraci\u00f3n del 0,8% en \u00e1cidos sesquiterp\u00e9nicos calculados como \u00e1cidos valer\u00e9nicos.<\/p>\n<p><em>Propiedades terap\u00e9uticas<\/em> &#8211; La valeriana favorece el sue\u00f1o y la relajaci\u00f3n en casos de estr\u00e9s.(3)<\/p>\n<p><em>Mecanismo de acci\u00f3n<\/em> &#8211; La valeriana explica sus efectos a trav\u00e9s de la modulaci\u00f3n del sistema gaba\u00e9rgico aumentando la uni\u00f3n del GABA y disminuyendo su degradaci\u00f3n. El \u00e1cido valer\u00e9nico tiene una acci\u00f3n agonista sobre la subunidad \u03b23 del receptor GABA-A. Tambi\u00e9n se ha demostrado que act\u00faa como agonista parcial en el receptor de serotonina 5-HT5a(4).<\/p>\n<p><em>Tolerabilidad<\/em> &#8211; La valeriana es bien tolerada. Los efectos secundarios asociados al uso de la valeriana son leves e infrecuentes y similares a los notificados con placebo en los ensayos cl\u00ednicos aleatorios. La seguridad a corto plazo de la valeriana se confirm\u00f3 en un estudio posterior a la comercializaci\u00f3n de 3.447 pacientes.(2,6)<\/p>\n<p>&nbsp;<\/p>\n<p><strong>Equilmixin\u00ae.<\/strong><\/p>\n<p>Se trata de un fitocomplejo estandarizado compuesto por Pasiflora y Alcachofa especialmente desarrollado para enriquecer y potenciar las propiedades del producto.<\/p>\n<p>&nbsp;<\/p>\n<p><strong>Pasionaria<\/strong><\/p>\n<p><em>Propiedades terap\u00e9uticas<\/em> &#8211; La pasionaria favorece el bienestar mental. El uso tradicional de la Passiflora incarnata para el alivio de los s\u00edntomas del estr\u00e9s mental y para ayudar a conciliar el sue\u00f1o est\u00e1 bien documentado en numerosos estudios.(7)<\/p>\n<p><em>Mecanismo de acci\u00f3n<\/em> &#8211; Los estudios precl\u00ednicos muestran que el mecanismo de acci\u00f3n subyacente a los efectos ansiol\u00edticos de la Passiflora incarnata puede estar mediado por la modulaci\u00f3n del sistema GABA.(7)<\/p>\n<p><em>Tolerabilidad<\/em> &#8211; La Passiflora incarnata es generalmente bien tolerada. No parece que se hayan notificado efectos adversos en los productos registrados en la UE.(7)<\/p>\n<p>&nbsp;<\/p>\n<p><strong>Alcachofa<\/strong><\/p>\n<p><em>Propiedades terap\u00e9uticas<\/em> &#8211; La alcachofa ayuda a limpiar el organismo. Tiene propiedades hepatoprotectoras y antioxidantes y favorece la eliminaci\u00f3n de los gases intestinales.<\/p>\n<p><em>Mecanismo<\/em> de acci\u00f3n &#8211; En la actualidad, el mecanismo de acci\u00f3n de la alcachofa y sus principales compuestos no puede considerarse dilucidado.(8)<\/p>\n<p><em>Tolerabilidad<\/em> &#8211; Los preparados que contienen alcachofa son generalmente bien tolerados. No se han notificado efectos adversos importantes en estudios cl\u00ednicos farmacol\u00f3gicos en humanos con preparados que contienen extractos de hojas de alcachofa. En los estudios cl\u00ednicos participaron m\u00e1s de 1.600 sujetos con duraciones de estudio de hasta 2 a\u00f1os.(8)<\/p>\n<p>&nbsp;<\/p>\n<p><strong>Asociaci\u00f3n Melissa-Valerian<\/strong><\/p>\n<p>Un estudio sobre una combinaci\u00f3n de valeriana y melisa demostr\u00f3 su eficacia en el tratamiento del insomnio y la inquietud en ni\u00f1os. (9) <em>Caracter\u00edsticas del estudio<\/em>:<\/p>\n<ul>\n<li>Estudio multic\u00e9ntrico abierto<\/li>\n<li>918 ni\u00f1os &lt;12 a\u00f1os<\/li>\n<li>56,8% hombres y 43,2% mujeres, con una edad media de 8,3 a\u00f1os<\/li>\n<li>El 21,6% de los pacientes eran menores de 6 a\u00f1os<\/li>\n<li>insomnio e inquietud (inestabilidad\/hiperactividad)<\/li>\n<li>Tratamiento 4 semanas (+\/- 1 semana)<\/li>\n<li>Comprimidos: 160 mg de valeriana + 80 mg de melisa officinalis<\/li>\n<li>Dosificaci\u00f3n: 2+2 comprimidos\/d\u00eda<\/li>\n<\/ul>\n<p><em>Resultados<\/em> &#8211; En total, el 80,9% de los pacientes con insomnio y el 70,4% de los pacientes con inquietud experimentaron una clara mejora de los s\u00edntomas. Tanto los padres como los investigadores calificaron la eficacia como \u00abmuy buena\u00bb o \u00abbuena\u00bb (60,5% y 67,7%, respectivamente). 9<\/p>\n<p>[\/et_pb_accordion_item][et_pb_accordion_item title=\u00bbReferencias\u00bb _builder_version=\u00bb4.4.2&#8243; global_colors_info=\u00bb{}\u00bb open=\u00bboff\u00bb]<\/p>\n<ol>\n<li><a href=\"https:\/\/www.ncbi.nlm.nih.gov\/pubmed\/?term=Byars+KC+et+al.+Prevalence%2C+Patterns%2C+and+Persistence+of+Sleep+Problems+in+the+First+3+Years+of+Life.+Pediatrics+(2012)%3B129%3Ae276%E2%80%93e284\" target=\"_blank\" rel=\"noopener noreferrer\">Byars KC et al. Prevalencia, patrones y persistencia de los problemas de sue\u00f1o en los tres primeros a\u00f1os de vida. Pediatrics (2012);129:e276\u2013e284<\/a><\/li>\n<li>Fitoterapia, uso racional de los medicamentos a base de plantas, Capasso, Grandolini, Izzo, Springer-Verlag Italia (2006)<\/li>\n<li>Ministerio de Sanidad: Directrices ministeriales de referencia para los efectos fisiol\u00f3gicos. \u00daltima actualizaci\u00f3n del Decreto 27 de marzo de 2014<\/li>\n<li><a href=\"https:\/\/www.ncbi.nlm.nih.gov\/pubmed\/21601431\" target=\"_blank\" rel=\"noopener noreferrer\">Sarris J, et al. Hierbas medicinales para la depresi\u00f3n, la ansiedad y el insomnio: una revisi\u00f3n de la psicofarmacolog\u00eda y la evidencia cl\u00ednica. Neuropsicofarmacolog\u00eda europea(2011) 21, 841-860<\/a><\/li>\n<li><a href=\"https:\/\/www.ema.europa.eu\/documents\/herbal-report\/final-assessment-report-melissa-officinalis-l-folium_en.pdf\" target=\"_blank\" rel=\"noopener noreferrer\">Informe de evaluaci\u00f3n de la EMA sobre Melissa officinalis L., folium. EMA\/HMPC\/196746\/2012<\/a><\/li>\n<li><a href=\"https:\/\/www.ema.europa.eu\/documents\/herbal-report\/final-assessment-report-valeriana-officinalis-l-radix-valeriana-officinalis-l-aetheroleum_en-0.pdf\" target=\"_blank\" rel=\"noopener noreferrer\">Informe de evaluaci\u00f3n de la EMA sobre Valeriana officinalis L., radix. EMA\/HMPC\/150846\/2015<\/a><\/li>\n<li><a href=\"https:\/\/www.ema.europa.eu\/documents\/herbal-report\/final-assessment-report-passiflora-incarnata-l-herba_en.pdf\" target=\"_blank\" rel=\"noopener noreferrer\">Informe de evaluaci\u00f3n de la EMA sobre Passiflora incarnata L., herba EMA\/HMPC\/669738\/2013<\/a><\/li>\n<li><a href=\"https:\/\/www.ema.europa.eu\/documents\/herbal-report\/draft-assessment-report-cynara-scolymus-l-folium_en.pdf\" target=\"_blank\" rel=\"noopener noreferrer\">Informe de evaluaci\u00f3n de la EMA sobre Cynara scolymus L., folium EMA\/HMPC\/150209\/2009<\/a><\/li>\n<li><a href=\"https:\/\/www.ncbi.nlm.nih.gov\/pubmed\/16487692\" target=\"_blank\" rel=\"noopener noreferrer\">S.F. Muller y S. Klement. Una combinaci\u00f3n de valeriana y melisa es eficaz en el tratamiento de la inquietud y el disomnio en los ni\u00f1os. Fitomedicina 13 (2006) 383-387<\/a><\/li>\n<\/ol>\n<p>[\/et_pb_accordion_item][et_pb_accordion_item title=\u00bbFicha t\u00e9cnica\u00bb _builder_version=\u00bb4.4.2&#8243; global_colors_info=\u00bb{}\u00bb open=\u00bboff\u00bb]<\/p>\n<p><a href=\"\/wp-content\/uploads\/2020\/04\/xerenens.pdf\">Descargar pdf<\/a><\/p>\n<p>[\/et_pb_accordion_item][\/et_pb_accordion][et_pb_wc_add_to_cart global_colors_info=\u00bb{}\u00bb][\/et_pb_wc_add_to_cart][\/et_pb_column][\/et_pb_row][\/et_pb_section]<\/p>\n","protected":false},"excerpt":{"rendered":"<p class=\"p1\">20 ml de spray oral<\/p>\n<p>Formulaci\u00f3n desarrollada en colaboraci\u00f3n con el Departamento de Ciencias F\u00edsicas, de la Tierra y del Medio Ambiente de la Universidad de Siena.<\/p>\n","protected":false},"featured_media":35501,"template":"","meta":{"_et_pb_use_builder":"on","_et_pb_old_content":"<p class=\"p1\">20 ml de spray oral<\/p>\r\nFormulaci\u00f3n desarrollada en colaboraci\u00f3n con el Departamento de Ciencias F\u00edsicas, de la Tierra y del Medio Ambiente de la Universidad de Siena.","_et_gb_content_width":""},"product_cat":[116,117,118],"product_tag":[],"yoast_head":"<!-- This site is optimized with the Yoast SEO plugin v18.0 - https:\/\/yoast.com\/wordpress\/plugins\/seo\/ -->\n<title>Xerenens - Exerens<\/title>\n<meta name=\"robots\" content=\"index, follow, max-snippet:-1, max-image-preview:large, max-video-preview:-1\" \/>\n<link rel=\"canonical\" href=\"https:\/\/exerens.com\/es\/producto\/xerenens\/\" \/>\n<meta property=\"og:locale\" content=\"es_ES\" \/>\n<meta property=\"og:type\" content=\"article\" \/>\n<meta property=\"og:title\" content=\"Xerenens - Exerens\" \/>\n<meta property=\"og:description\" content=\"20 ml de spray oral Formulaci\u00f3n desarrollada en colaboraci\u00f3n con el Departamento de Ciencias F\u00edsicas, de la Tierra y del Medio Ambiente de la Universidad de Siena.\" \/>\n<meta property=\"og:url\" content=\"https:\/\/exerens.com\/es\/producto\/xerenens\/\" \/>\n<meta property=\"og:site_name\" content=\"Exerens\" \/>\n<meta property=\"article:modified_time\" content=\"2022-01-13T09:29:22+00:00\" \/>\n<meta property=\"og:image\" content=\"https:\/\/exerens.com\/wp-content\/uploads\/2020\/04\/Icona_Xerenens_Spray-orale.png\" \/>\n\t<meta property=\"og:image:width\" content=\"772\" \/>\n\t<meta property=\"og:image:height\" content=\"772\" \/>\n\t<meta property=\"og:image:type\" content=\"image\/png\" \/>\n<meta name=\"twitter:card\" content=\"summary_large_image\" \/>\n<meta name=\"twitter:label1\" content=\"Tiempo de lectura\" \/>\n\t<meta name=\"twitter:data1\" content=\"8 minutos\" \/>\n<script type=\"application\/ld+json\" class=\"yoast-schema-graph\">{\"@context\":\"https:\/\/schema.org\",\"@graph\":[{\"@type\":\"WebSite\",\"@id\":\"https:\/\/exerens.com\/#website\",\"url\":\"https:\/\/exerens.com\/\",\"name\":\"Exerens\",\"description\":\"Recuperar el Equilibrio Natural\",\"potentialAction\":[{\"@type\":\"SearchAction\",\"target\":{\"@type\":\"EntryPoint\",\"urlTemplate\":\"https:\/\/exerens.com\/?s={search_term_string}\"},\"query-input\":\"required name=search_term_string\"}],\"inLanguage\":\"es\"},{\"@type\":\"ImageObject\",\"@id\":\"https:\/\/exerens.com\/es\/producto\/xerenens\/#primaryimage\",\"inLanguage\":\"es\",\"url\":\"https:\/\/exerens.com\/wp-content\/uploads\/2020\/04\/Icona_Xerenens_Spray-orale.png\",\"contentUrl\":\"https:\/\/exerens.com\/wp-content\/uploads\/2020\/04\/Icona_Xerenens_Spray-orale.png\",\"width\":772,\"height\":772},{\"@type\":\"WebPage\",\"@id\":\"https:\/\/exerens.com\/es\/producto\/xerenens\/#webpage\",\"url\":\"https:\/\/exerens.com\/es\/producto\/xerenens\/\",\"name\":\"Xerenens - Exerens\",\"isPartOf\":{\"@id\":\"https:\/\/exerens.com\/#website\"},\"primaryImageOfPage\":{\"@id\":\"https:\/\/exerens.com\/es\/producto\/xerenens\/#primaryimage\"},\"datePublished\":\"2021-12-20T14:53:15+00:00\",\"dateModified\":\"2022-01-13T09:29:22+00:00\",\"breadcrumb\":{\"@id\":\"https:\/\/exerens.com\/es\/producto\/xerenens\/#breadcrumb\"},\"inLanguage\":\"es\",\"potentialAction\":[{\"@type\":\"ReadAction\",\"target\":[\"https:\/\/exerens.com\/es\/producto\/xerenens\/\"]}]},{\"@type\":\"BreadcrumbList\",\"@id\":\"https:\/\/exerens.com\/es\/producto\/xerenens\/#breadcrumb\",\"itemListElement\":[{\"@type\":\"ListItem\",\"position\":1,\"name\":\"Home\",\"item\":\"https:\/\/exerens.com\/es\/\"},{\"@type\":\"ListItem\",\"position\":2,\"name\":\"Productos\",\"item\":\"https:\/\/exerens.com\/es\/productos\/\"},{\"@type\":\"ListItem\",\"position\":3,\"name\":\"Xerenens\"}]}]}<\/script>\n<!-- \/ Yoast SEO plugin. -->","yoast_head_json":{"title":"Xerenens - Exerens","robots":{"index":"index","follow":"follow","max-snippet":"max-snippet:-1","max-image-preview":"max-image-preview:large","max-video-preview":"max-video-preview:-1"},"canonical":"https:\/\/exerens.com\/es\/producto\/xerenens\/","og_locale":"es_ES","og_type":"article","og_title":"Xerenens - Exerens","og_description":"20 ml de spray oral Formulaci\u00f3n desarrollada en colaboraci\u00f3n con el Departamento de Ciencias F\u00edsicas, de la Tierra y del Medio Ambiente de la Universidad de Siena.","og_url":"https:\/\/exerens.com\/es\/producto\/xerenens\/","og_site_name":"Exerens","article_modified_time":"2022-01-13T09:29:22+00:00","og_image":[{"width":772,"height":772,"url":"https:\/\/exerens.com\/wp-content\/uploads\/2020\/04\/Icona_Xerenens_Spray-orale.png","type":"image\/png"}],"twitter_card":"summary_large_image","twitter_misc":{"Tiempo de lectura":"8 minutos"},"schema":{"@context":"https:\/\/schema.org","@graph":[{"@type":"WebSite","@id":"https:\/\/exerens.com\/#website","url":"https:\/\/exerens.com\/","name":"Exerens","description":"Recuperar el Equilibrio Natural","potentialAction":[{"@type":"SearchAction","target":{"@type":"EntryPoint","urlTemplate":"https:\/\/exerens.com\/?s={search_term_string}"},"query-input":"required name=search_term_string"}],"inLanguage":"es"},{"@type":"ImageObject","@id":"https:\/\/exerens.com\/es\/producto\/xerenens\/#primaryimage","inLanguage":"es","url":"https:\/\/exerens.com\/wp-content\/uploads\/2020\/04\/Icona_Xerenens_Spray-orale.png","contentUrl":"https:\/\/exerens.com\/wp-content\/uploads\/2020\/04\/Icona_Xerenens_Spray-orale.png","width":772,"height":772},{"@type":"WebPage","@id":"https:\/\/exerens.com\/es\/producto\/xerenens\/#webpage","url":"https:\/\/exerens.com\/es\/producto\/xerenens\/","name":"Xerenens - Exerens","isPartOf":{"@id":"https:\/\/exerens.com\/#website"},"primaryImageOfPage":{"@id":"https:\/\/exerens.com\/es\/producto\/xerenens\/#primaryimage"},"datePublished":"2021-12-20T14:53:15+00:00","dateModified":"2022-01-13T09:29:22+00:00","breadcrumb":{"@id":"https:\/\/exerens.com\/es\/producto\/xerenens\/#breadcrumb"},"inLanguage":"es","potentialAction":[{"@type":"ReadAction","target":["https:\/\/exerens.com\/es\/producto\/xerenens\/"]}]},{"@type":"BreadcrumbList","@id":"https:\/\/exerens.com\/es\/producto\/xerenens\/#breadcrumb","itemListElement":[{"@type":"ListItem","position":1,"name":"Home","item":"https:\/\/exerens.com\/es\/"},{"@type":"ListItem","position":2,"name":"Productos","item":"https:\/\/exerens.com\/es\/productos\/"},{"@type":"ListItem","position":3,"name":"Xerenens"}]}]}},"_links":{"self":[{"href":"https:\/\/exerens.com\/es\/wp-json\/wp\/v2\/product\/35991"}],"collection":[{"href":"https:\/\/exerens.com\/es\/wp-json\/wp\/v2\/product"}],"about":[{"href":"https:\/\/exerens.com\/es\/wp-json\/wp\/v2\/types\/product"}],"wp:featuredmedia":[{"embeddable":true,"href":"https:\/\/exerens.com\/es\/wp-json\/wp\/v2\/media\/35501"}],"wp:attachment":[{"href":"https:\/\/exerens.com\/es\/wp-json\/wp\/v2\/media?parent=35991"}],"wp:term":[{"taxonomy":"product_cat","embeddable":true,"href":"https:\/\/exerens.com\/es\/wp-json\/wp\/v2\/product_cat?post=35991"},{"taxonomy":"product_tag","embeddable":true,"href":"https:\/\/exerens.com\/es\/wp-json\/wp\/v2\/product_tag?post=35991"}],"curies":[{"name":"wp","href":"https:\/\/api.w.org\/{rel}","templated":true}]}}