{"id":36015,"date":"2019-12-05T09:39:44","date_gmt":"2021-12-20T14:53:33","guid":{"rendered":"https:\/\/exerens.com\/prodotto\/memorens-solucion-oral\/"},"modified":"2021-12-20T15:53:52","modified_gmt":"2021-12-20T14:53:52","slug":"memorens-solucion-oral","status":"publish","type":"product","link":"https:\/\/exerens.com\/es\/producto\/memorens-solucion-oral\/","title":{"rendered":"Memorens &#8211; Soluci\u00f3n oral"},"content":{"rendered":"<p>[et_pb_section fb_built=\u00bb1&#8243; _builder_version=\u00bb3.22&#8243; custom_padding=\u00bb0px||||false|false\u00bb][et_pb_row _builder_version=\u00bb3.25&#8243; background_size=\u00bbinitial\u00bb background_position=\u00bbtop_left\u00bb background_repeat=\u00bbrepeat\u00bb width=\u00bb100%\u00bb custom_padding=\u00bb0px||0px||false|false\u00bb][et_pb_column type=\u00bb4_4&#8243; _builder_version=\u00bb3.25&#8243; custom_padding=\u00bb|||\u00bb custom_padding__hover=\u00bb|||\u00bb][et_pb_wc_breadcrumb _builder_version=\u00bb3.0.47&#8243;][\/et_pb_wc_breadcrumb][et_pb_wc_cart_notice _builder_version=\u00bb3.0.47&#8243;][\/et_pb_wc_cart_notice][\/et_pb_column][\/et_pb_row][et_pb_row column_structure=\u00bb1_2,1_2&#8243; _builder_version=\u00bb3.25&#8243; background_size=\u00bbinitial\u00bb background_position=\u00bbtop_left\u00bb background_repeat=\u00bbrepeat\u00bb width=\u00bb100%\u00bb custom_padding=\u00bb0px||||false|false\u00bb locked=\u00bboff\u00bb][et_pb_column type=\u00bb1_2&#8243; _builder_version=\u00bb3.25&#8243; custom_padding=\u00bb|||\u00bb custom_padding__hover=\u00bb|||\u00bb][et_pb_wc_images _builder_version=\u00bb3.0.47&#8243;][\/et_pb_wc_images][\/et_pb_column][et_pb_column type=\u00bb1_2&#8243; _builder_version=\u00bb4.4.2&#8243;][et_pb_wc_title _builder_version=\u00bb3.0.47&#8243;][\/et_pb_wc_title][et_pb_wc_rating _builder_version=\u00bb3.0.47&#8243; hover_enabled=\u00bb0&#8243;][\/et_pb_wc_rating][et_pb_wc_price _builder_version=\u00bb3.0.47&#8243;][\/et_pb_wc_price][et_pb_wc_description _builder_version=\u00bb3.0.47&#8243; hover_enabled=\u00bb0&#8243;][\/et_pb_wc_description][et_pb_wc_meta _builder_version=\u00bb3.0.47&#8243;][\/et_pb_wc_meta][et_pb_accordion _builder_version=\u00bb4.4.5&#8243; hover_enabled=\u00bb0&#8243;][et_pb_accordion_item title=\u00bbPropiedades\u00bb open=\u00bbon\u00bb _builder_version=\u00bb4.4.2&#8243;]<\/p>\n<p>Memorens\u00ae es un complemento alimenticio desarrollado espec\u00edficamente para las necesidades de los ni\u00f1os y adolescentes.<\/p>\n<p>Gracias a sus sustancias naturales y fitocomplejos, puede tener efectos positivos sobre la MEMORIA y las FUNCIONES COGNITIVAS.<\/p>\n<p>[\/et_pb_accordion_item][et_pb_accordion_item title=\u00bbC\u00f3mo utilizarlo\u00bb _builder_version=\u00bb4.4.2&#8243; open=\u00bboff\u00bb]<\/p>\n<p>Para los ni\u00f1os de 6 a 10 a\u00f1os, se recomienda tomar 20 ml diarios en una sola dosis o divididos en dos dosis de 10 ml cada una.<\/p>\n<p>Para los ni\u00f1os y adolescentes de 11 a 15 a\u00f1os, se recomiendan 40 ml al d\u00eda divididos en dos dosis de 20 ml cada una.<\/p>\n<p>Tomar con las comidas (desayuno, comida o cena) para aumentar la absorci\u00f3n de sus componentes. Duraci\u00f3n de la terapia: utilizar durante al menos 3 meses.  <\/p>\n<p>Advertencias: No superar la dosis diaria recomendada. Mantener fuera del alcance de los ni\u00f1os menores de tres a\u00f1os. Los suplementos no deben sustituir a una dieta variada y equilibrada y a un estilo de vida saludable.<\/p>\n<p>[\/et_pb_accordion_item][et_pb_accordion_item title=\u00bbIngredientes\u00bb _builder_version=\u00bb4.4.2&#8243; open=\u00bboff\u00bb]<\/p>\n<p>Memorens\u00ae contiene:<\/p>\n<ul>\n<li>Bacopa<\/li>\n<li>Eleutherococcus<\/li>\n<li>Pino marittimo<\/li>\n<li>Jalea real<\/li>\n<li>Equilmixin\u00ae.<\/li>\n<\/ul>\n<p>[\/et_pb_accordion_item][et_pb_accordion_item title=\u00bbVisi\u00f3n cient\u00edfica\u00bb _builder_version=\u00bb4.4.2&#8243; open=\u00bboff\u00bb]<\/p>\n<p><strong>Bacopa<\/strong><br \/><em>Origen<\/em>  &#8211; La bacopa monnieri es una planta que se utiliza desde hace miles de a\u00f1os en la tradici\u00f3n ayurv\u00e9dica de la India. Ayur -que significa vida- y veda -que significa conocimiento- es una de las medicinas m\u00e1s antiguas reconocidas actualmente por la OMS. Para la medicina ayurv\u00e9dica existe un equilibrio arm\u00f3nico entre el cuerpo, la mente y el esp\u00edritu; por lo tanto, los factores mentales y emocionales de la persona se consideran fundamentales para el desarrollo del trastorno, as\u00ed como para la cura.(3) La bacopa tambi\u00e9n se llama Brahmi en la India. El nombre Brahmi procede de la palabra \u00abBrahma\u00bb, el \u00abcreador supremo\u00bb seg\u00fan la mitolog\u00eda hind\u00fa. Seg\u00fan la tradici\u00f3n desde entonces, el cerebro es el \u00f3rgano central de la creatividad y el intelecto, por lo que la Bacopa, que se utiliza en la medicina ayurv\u00e9dica como producto que mejora la salud del cerebro, recibe el nombre de Brahmi.(4) La Bacopa monnieri pertenece a la familia de las Scrophulariaceae y es una planta palustre rastrera. Las partes de la zona se han utilizado durante siglos para mejorar la memoria.(5)<br \/><em>Principios bioactivos<\/em> &#8211; Los principales componentes bioactivos de la Bacopa monnieri son los bac\u00f3sidos A y B. Se cree que estas saponinas son las responsables de los efectos farmacol\u00f3gicos atribuibles a esta especie. La Bacopa presente en Memorens\u00ae est\u00e1 titulada al 20% de Bacosides(4).<br \/><em>Propiedades terap\u00e9uticas<\/em>: el extracto de bacopa mejora la memoria y la funci\u00f3n cognitiva y puede ser \u00fatil para promover la relajaci\u00f3n y mantener el bienestar mental.<\/p>\n<p><em>Mecanismo de acci\u00f3n<\/em>  &#8211; Los estudios precl\u00ednicos han demostrado un efecto sobre el sistema colin\u00e9rgico al inhibir la acetilcolinesterasa (AChE), la enzima responsable de la descomposici\u00f3n de la acetilcolina. Esto aumenta la disponibilidad de este importante neurotransmisor implicado en los procesos de memoria. La bacopa tambi\u00e9n tiene efectos protectores como antioxidante y como adapt\u00f3geno (aumenta la resistencia al estr\u00e9s) al normalizar los niveles de cortisol plasm\u00e1tico y ciertas monoaminas como la noradrenalina, la dopamina y la serotonina en el hipocampo y la corteza cerebral, es decir, las zonas del cerebro m\u00e1s vulnerables al estr\u00e9s.(4,6,7)  <\/p>\n<p><em>Tolerabilidad<\/em> &#8211; La Bacopa es bien tolerada por los ni\u00f1os. Los estudios no han mostrado efectos secundarios significativos.(8,9)<\/p>\n<p>&nbsp;<\/p>\n<p><strong>Eleutherococcus<\/strong><\/p>\n<p><em>Origen<\/em> &#8211; El Eleutherococcus, tambi\u00e9n conocido como ginseng siberiano, se obtiene de las partes subterr\u00e1neas desecadas (ra\u00edces y rizomas) del Eleutherococcus sentiosus Rupr. et Maxim (Fam. Araliacee). Es un arbusto espinoso que crece de forma silvestre en las regiones orientales de Rusia, el noreste de China y Jap\u00f3n.(3)  <\/p>\n<p><em>Principios bioactivos  <\/em>&#8211; Los principales componentes activos del Eleuterococo son un grupo de compuestos conocidos como eleuter\u00f3sidos (eleuter\u00f3sidos A-M), de los cuales el B y el E son los responsables del efecto farmacol\u00f3gico. De hecho, se cree que estos dos compuestos son los responsables de las propiedades adapt\u00f3genas del Eleutherococcus. El Eleutherococcus presente en Memorens\u00ae tiene una valoraci\u00f3n del 0,8% en eleuter\u00f3sidos B + E.(10)  <\/p>\n<p><em>Propiedades terap\u00e9uticas<\/em> &#8211; El eleuterococo se utiliza como t\u00f3nico para vigorizar y fortificar el cuerpo en momentos de fatiga y debilidad y cuando los niveles de concentraci\u00f3n y atenci\u00f3n est\u00e1n disminuidos. Tiene propiedades adapt\u00f3genas, es decir, aumenta la resistencia del organismo a los est\u00edmulos externos y al estr\u00e9s y mantiene las defensas naturales del cuerpo.<\/p>\n<p><em>Mecanismo de acci\u00f3n<\/em> &#8211; El efecto adapt\u00f3geno est\u00e1 relacionado con la regulaci\u00f3n de la homeostasis a trav\u00e9s de varios mecanismos de acci\u00f3n asociados al eje hipot\u00e1lamo-hip\u00f3fisis-suprarrenal y al control de mediadores bioqu\u00edmicos clave en la respuesta al estr\u00e9s.(11)  <\/p>\n<p><em>Tolerabilidad<\/em> &#8211; El eleuterococo es bien tolerado. En general, s\u00f3lo se han notificado efectos adversos menores como insomnio, irritabilidad, taquicardia y cefaleas, pero a dosis muy superiores a las utilizadas en la pr\u00e1ctica cl\u00ednica.(12)<\/p>\n<p>&nbsp;<\/p>\n<p><strong>Pino marittimo<\/strong><\/p>\n<p><em>Origen<\/em>  &#8211; El pino mar\u00edtimo franc\u00e9s se obtiene de la corteza del Pinus pinaster Aiton, subsp. atlantica des Villar, Fam. Pinaceae, una especie de pino que crece a lo largo del Golfo de Vizcaya, en el norte de Francia. La corteza es gruesa, de color pardo-rojizo, con profundas fisuras, obtenida de monocultivos que crecen durante un periodo de 30-50 a\u00f1os.(3)<\/p>\n<p><em>Principios bioactivos<\/em>  &#8211; El extracto de pino mar\u00edtimo contiene compuestos polifen\u00f3licos formados principalmente por procianidinas (catequina, taxifolina y olig\u00f3meros con 7 o m\u00e1s unidades de flavonoides) que ejercen una importante actividad antioxidante y de eliminaci\u00f3n de radicales libres contra las especies reactivas de ox\u00edgeno y nitr\u00f3geno. Memorens\u00ae contiene un extracto seco de pino Pinaster titulado al 95% de OPC (olig\u00f3meros de proantocianidol).(13)<\/p>\n<p><em>Propiedades terap\u00e9uticas<\/em> &#8211; El extracto de pino mar\u00edtimo tiene efectos protectores contra el estr\u00e9s oxidativo, tanto por el aumento de la s\u00edntesis de enzimas antioxidantes como por su acci\u00f3n como eliminador de radicales libres.<\/p>\n<p><em>Mecanismo de acci\u00f3n<\/em>  &#8211; El extracto de pino mar\u00edtimo ejerce su actividad antioxidante protectora aumentando la s\u00edntesis de enzimas como la catalasa, la super\u00f3xido dismutasa y la glutati\u00f3n peroxidasa, que degradan los productos del estr\u00e9s oxidativo. El pino mar\u00edtimo tambi\u00e9n tiene actividad antiinflamatoria al impedir la liberaci\u00f3n de mediadores proinflamatorios regulados por el estr\u00e9s oxidativo, como la enzima NO sintasa inducible, que produce altos niveles de mon\u00f3xido de nitr\u00f3geno (NO) y actividad proinflamatoria, y el NF-k\u03b2 (factor nuclear k\u03b2), un factor intracelular que es activado por varios mediadores de la inflamaci\u00f3n como el TNF-\u03b1, la IL-1 \u03b1, la IL-1\u03b2, la IL-8 y la IL-6. Tambi\u00e9n se ha demostrado que en los ni\u00f1os con TDAH, el Pino Mariano reduce la hiperactividad, la excreci\u00f3n de catecolaminas y el estr\u00e9s oxidativo.(13)<\/p>\n<p><em>Tolerabilidad<\/em> &#8211; El pino mar\u00edtimo es bien tolerado. De un total de 2.000 pacientes, s\u00f3lo el 1,5% declar\u00f3 efectos indeseables leves, como molestias intestinales, mareos o dolores de cabeza.(3)<\/p>\n<p>&nbsp;<\/p>\n<p><strong>Jalea real<\/strong><\/p>\n<p>La jalea real es un valioso alimento producido por las abejas. Es muy rica en vitaminas, az\u00facares r\u00e1pidamente asimilables, grasas insaturadas beneficiosas para la salud, amino\u00e1cidos y prote\u00ednas totalmente naturales, vitaminas y minerales que la convierten en un excelente t\u00f3nico para combatir la fatiga, la astenia y la falta de apetito en los ni\u00f1os. La jalea real no tiene contraindicaciones.<\/p>\n<p>&nbsp;<\/p>\n<p><strong>Equilmixin\u00ae.<\/strong><\/p>\n<p>Se trata de un fitocomplejo estandarizado especialmente desarrollado para enriquecer y mejorar la composici\u00f3n del producto. Equilmixin\u00ae est\u00e1 compuesto por Passiflora (Passiflora incarnata L., herba) y Alcachofa (Cynara scolymus L., folium).<\/p>\n<p>&nbsp;<\/p>\n<p><strong>Pasionaria<\/strong><\/p>\n<p><em>Propiedades terap\u00e9uticas<\/em> &#8211; La pasionaria favorece el bienestar mental. El uso tradicional de la Passiflora incarnata para el alivio de los s\u00edntomas del estr\u00e9s mental y para ayudar a conciliar el sue\u00f1o est\u00e1 bien documentado en numerosos estudios.(14)<\/p>\n<p><em>Mecanismo de acci\u00f3n<\/em> &#8211; Los estudios precl\u00ednicos muestran que el mecanismo de acci\u00f3n subyacente a los efectos ansiol\u00edticos de la Passiflora incarnata puede estar mediado por la modulaci\u00f3n del sistema GABA.(14)<\/p>\n<p><em>Tolerabilidad<\/em> &#8211; La Passiflora incarnata es generalmente bien tolerada. No parece que se hayan notificado efectos adversos en los productos registrados en la UE.(14)<\/p>\n<p>&nbsp;<\/p>\n<p><strong>Alcachofa<\/strong><\/p>\n<p><em>Propiedades terap\u00e9uticas<\/em> &#8211; La alcachofa ayuda a limpiar el organismo. Tiene propiedades hepatoprotectoras y antioxidantes y favorece la eliminaci\u00f3n de los gases intestinales.(15)<\/p>\n<p><em>Mecanismo<\/em> de acci\u00f3n &#8211; En la actualidad, el mecanismo de acci\u00f3n de la alcachofa y sus principales compuestos no puede considerarse dilucidado.(15)<\/p>\n<p><em>Tolerabilidad<\/em> &#8211; Los preparados que contienen alcachofa son generalmente bien tolerados. No se han notificado efectos adversos importantes en estudios cl\u00ednicos farmacol\u00f3gicos en humanos con preparados que contienen extractos de hojas de alcachofa. En los estudios cl\u00ednicos han participado m\u00e1s de 1600 sujetos con duraciones de estudio de hasta 2 a\u00f1os.(15)<\/p>\n<p>[\/et_pb_accordion_item][et_pb_accordion_item title=\u00bbReferencias\u00bb _builder_version=\u00bb4.4.5&#8243; hover_enabled=\u00bb0&#8243; open=\u00bboff\u00bb]<\/p>\n<ol>\n<li><a href=\"https:\/\/www.ncbi.nlm.nih.gov\/pubmed\/21696892\" target=\"_blank\" rel=\"noopener noreferrer\">Quesada AA, et al. La exposici\u00f3n al estr\u00e9s psicosocial perjudica la recuperaci\u00f3n de la memoria en los ni\u00f1os. Psiconeuroendocrinolog\u00eda, (2012); 37(1):125-36<\/a><\/li>\n<li><a href=\"https:\/\/www.ncbi.nlm.nih.gov\/pubmed\/27940795\" target=\"_blank\" rel=\"noopener noreferrer\">Reid Chassiakos, et al. Ni\u00f1os y adolescentes y medios digitales. Pediatr\u00eda, (2016); 138 (5): e1-e18<\/a><\/li>\n<li>Fitoterapia, uso racional de los medicamentos a base de plantas, Capasso, Grandolini, Izzo, Springer-Verlag Italia, 2006<\/li>\n<li><a href=\"https:\/\/www.ncbi.nlm.nih.gov\/pubmed\/?term=Shinomol+GK,+et+al.+Exploring+the+Role+of+%E2%80%9CBrahmi%E2%80%9D+in+Brain+Function+and+Therapy\" target=\"_blank\" rel=\"noopener noreferrer\">Shinomol GK, et al. Explorando el papel de \u00abBrahmi\u00bb en la funci\u00f3n cerebral y la terapia. Patentes recientes sobre descubrimiento de f\u00e1rmacos endocrinos, metab\u00f3licos e inmunitarios 2011, Vol. 5, No. 1<\/a><\/li>\n<li><a href=\"http:\/\/www.ijp-online.com\/article.asp?issn=0253-7613;year=1997;volume=29;issue=5;spage=359;epage=365;aulast=Singh;type=0\" target=\"_blank\" rel=\"noopener noreferrer\">Singh HK &amp; Dhawan BN, Neuropsychopharmacology effects for the ayurvedic nootropic Bacopa monniera Linn. Indian Journal of Pharmacology, 1997, 29 (5): 359-365<\/a><\/li>\n<li><a href=\"https:\/\/www.ncbi.nlm.nih.gov\/pubmed\/21735137\" target=\"_blank\" rel=\"noopener noreferrer\">Rajan KE, et al. Atenuaci\u00f3n del deterioro de la memoria dependiente del hipocampo inducido por la 1-(m-clorofenil)-biguanida mediante un extracto estandarizado de Bacopa monniera (BESEB CDRI-08). Neurochem Res. (2011) Nov;36(11):2136-44<\/a><\/li>\n<li><a class=\"\" href=\"https:\/\/www.ncbi.nlm.nih.gov\/pubmed\/21607013\" target=\"_blank\" rel=\"noopener noreferrer\">Saraf MK, et al. La Bacopa monniera aten\u00faa el deterioro de la memoria espacial en ratones. Evid Based Complement Alternat Med. 2011; 2011:1-10<\/a><span class=\"\">.<\/span><\/li>\n<li><a href=\"https:\/\/www.ncbi.nlm.nih.gov\/pubmed\/?term=Bacopa+monnieri+james+kean+2016\" target=\"_blank\" rel=\"noopener noreferrer\">Kean JD, et al. Una revisi\u00f3n sistem\u00e1tica de la hierba medicinal ayurv\u00e9dica Bacopa monnieri en poblaciones de ni\u00f1os y adolescentes. Complement Ther Med. (2016) Dic;29:56-62<\/a><\/li>\n<li><a href=\"https:\/\/www.ncbi.nlm.nih.gov\/pubmed\/?term=Tora+Mitra-Ganguli%2C+et+al.+A+randomized%2C+double-blind+study+assessing+changes+in+cognitive+function+in+Indian+school+children+receiving+a+combination+of+Bacopa+monnieri+and+micronutrient+supplementation+vs.+placebo\" target=\"_blank\" rel=\"noopener noreferrer\">Tora Mitra-Ganguli, et al. Estudio aleatorio, doble ciego, que eval\u00faa los cambios en la funci\u00f3n cognitiva de escolares indios que reciben una combinaci\u00f3n de Bacopa monnieri y suplementos de micronutrientes frente a un placebo. Fronteras de la farmacolog\u00eda, (2017), 8, 678: 1-13<\/a><\/li>\n<li><a href=\"https:\/\/www.sciencedirect.com\/science\/article\/pii\/S1319562X16000206\" target=\"_blank\" rel=\"noopener noreferrer\">Za\u0142uski D, et al. Perfiles HPTLC de los eleuter\u00f3sidos, mecanismo de acci\u00f3n antioxidante del eleuter\u00f3sido E1, la prueba PAMPA con detecci\u00f3n LC\/MS y la relaci\u00f3n estructura-actividad. Revista saud\u00ed de ciencias biol\u00f3gicas (2018) 25, 520-528<\/a><\/li>\n<li><a href=\"https:\/\/www.ncbi.nlm.nih.gov\/pubmed\/19500070\" target=\"_blank\" rel=\"noopener noreferrer\">Panossian A, Wikman G. Evidence-based efficacy of adaptogens in fatigue and molecular mechanisms related to their stress-protective activity. Curr Clin Pharmacol. (2009); 4(3): 98-219<\/a><\/li>\n<li><a href=\"https:\/\/www.ema.europa.eu\/documents\/herbal-report\/final-assessment-report-eleutherococcus-senticosus-rupr-et-maxim-maxim-radix_en.pdf\" target=\"_blank\" rel=\"noopener noreferrer\">Informe de evaluaci\u00f3n de la EMA sobre Eleutherococcus senticosus (Rupr. et Maxim.) Maxim, radix. (2014) EMA\/HMPC\/680615\/2013<\/a><\/li>\n<li><a href=\"https:\/\/www.ncbi.nlm.nih.gov\/pubmed\/22049273\" target=\"_blank\" rel=\"noopener noreferrer\">Iravani S, Zolfaghari B. Efectos farmac\u00e9uticos y nutrac\u00e9uticos del extracto de corteza de Pinus pinaster. Res Pharm Sci.; (2011), 6 (1): 1-11<\/a><\/li>\n<li><a href=\"https:\/\/www.ema.europa.eu\/documents\/herbal-report\/final-assessment-report-passiflora-incarnata-l-herba_en.pdf\" target=\"_blank\" rel=\"noopener noreferrer\">Informe de evaluaci\u00f3n de la EMA sobre Passiflora incarnata L., herba EMA\/HMPC\/669738\/2013<\/a><\/li>\n<li><a href=\"https:\/\/www.ema.europa.eu\/documents\/herbal-report\/draft-assessment-report-cynara-scolymus-l-folium_en.pdf\" target=\"_blank\" rel=\"noopener noreferrer\">Informe de evaluaci\u00f3n de la EMA sobre Cynara scolymus L., folium EMA\/HMPC\/150209\/2009<\/a><\/li>\n<\/ol>\n<p>[\/et_pb_accordion_item][et_pb_accordion_item title=\u00bbFicha t\u00e9cnica\u00bb _builder_version=\u00bb4.4.2&#8243; open=\u00bboff\u00bb]<\/p>\n<p><a href=\"\/wp-content\/uploads\/2020\/04\/memorens-flacone.pdf\">Descargar pdf<\/a><\/p>\n<p>[\/et_pb_accordion_item][et_pb_accordion_item title=\u00bbFormulaci\u00f3n en comprimidos\u00bb _builder_version=\u00bb4.4.2&#8243; open=\u00bboff\u00bb]<\/p>\n<p><a href=\"https:\/\/exerens.com\/es\/prodotto\/memorias-tabletas\/\">Ir al producto<\/a><\/p>\n<p>[\/et_pb_accordion_item][\/et_pb_accordion][et_pb_wc_add_to_cart _builder_version=\u00bb4.4.2&#8243;][\/et_pb_wc_add_to_cart][\/et_pb_column][\/et_pb_row][\/et_pb_section]<\/p>\n","protected":false},"excerpt":{"rendered":"<p class=\"p1\">Soluci\u00f3n oral en frasco de 200 ml<\/p>\n<p class=\"p1\">Formulaci\u00f3n desarrollada en colaboraci\u00f3n con el Departamento de Ciencias F\u00edsicas, de la Tierra y del Medio Ambiente de la Universidad de Siena.<\/p>\n","protected":false},"featured_media":35499,"template":"","meta":{"_et_pb_use_builder":"on","_et_pb_old_content":"<p class=\"p1\">Soluci\u00f3n oral en frasco de 200 ml<\/p>\n<p class=\"p1\">Formulaci\u00f3n desarrollada en colaboraci\u00f3n con el Departamento de Ciencias F\u00edsicas, de la Tierra y del Medio Ambiente de la Universidad de Siena.<\/p>","_et_gb_content_width":""},"product_cat":[117,118,119],"product_tag":[],"yoast_head":"<!-- This site is optimized with the Yoast SEO plugin v18.0 - https:\/\/yoast.com\/wordpress\/plugins\/seo\/ -->\n<title>Memorens - Soluci\u00f3n oral - Exerens<\/title>\n<meta name=\"robots\" content=\"index, follow, max-snippet:-1, max-image-preview:large, max-video-preview:-1\" \/>\n<link rel=\"canonical\" href=\"https:\/\/exerens.com\/es\/producto\/memorens-solucion-oral\/\" \/>\n<meta property=\"og:locale\" content=\"es_ES\" \/>\n<meta property=\"og:type\" content=\"article\" \/>\n<meta property=\"og:title\" content=\"Memorens - Soluci\u00f3n oral - Exerens\" \/>\n<meta property=\"og:description\" content=\"Soluci\u00f3n oral en frasco de 200 ml Formulaci\u00f3n desarrollada en colaboraci\u00f3n con el Departamento de Ciencias F\u00edsicas, de la Tierra y del Medio Ambiente de la Universidad de Siena.\" \/>\n<meta property=\"og:url\" content=\"https:\/\/exerens.com\/es\/producto\/memorens-solucion-oral\/\" \/>\n<meta property=\"og:site_name\" content=\"Exerens\" \/>\n<meta property=\"article:modified_time\" content=\"2021-12-20T14:53:52+00:00\" \/>\n<meta property=\"og:image\" content=\"https:\/\/exerens.com\/wp-content\/uploads\/2020\/04\/Icona_Memorens_Soluzione-orale.png\" \/>\n\t<meta property=\"og:image:width\" content=\"771\" \/>\n\t<meta property=\"og:image:height\" content=\"771\" \/>\n\t<meta property=\"og:image:type\" content=\"image\/png\" \/>\n<meta name=\"twitter:card\" content=\"summary_large_image\" \/>\n<meta name=\"twitter:label1\" content=\"Tiempo de lectura\" \/>\n\t<meta name=\"twitter:data1\" content=\"11 minutos\" \/>\n<script type=\"application\/ld+json\" class=\"yoast-schema-graph\">{\"@context\":\"https:\/\/schema.org\",\"@graph\":[{\"@type\":\"WebSite\",\"@id\":\"https:\/\/exerens.com\/#website\",\"url\":\"https:\/\/exerens.com\/\",\"name\":\"Exerens\",\"description\":\"Recuperar el Equilibrio Natural\",\"potentialAction\":[{\"@type\":\"SearchAction\",\"target\":{\"@type\":\"EntryPoint\",\"urlTemplate\":\"https:\/\/exerens.com\/?s={search_term_string}\"},\"query-input\":\"required name=search_term_string\"}],\"inLanguage\":\"es\"},{\"@type\":\"ImageObject\",\"@id\":\"https:\/\/exerens.com\/es\/producto\/memorens-solucion-oral\/#primaryimage\",\"inLanguage\":\"es\",\"url\":\"https:\/\/exerens.com\/wp-content\/uploads\/2020\/04\/Icona_Memorens_Soluzione-orale.png\",\"contentUrl\":\"https:\/\/exerens.com\/wp-content\/uploads\/2020\/04\/Icona_Memorens_Soluzione-orale.png\",\"width\":771,\"height\":771},{\"@type\":\"WebPage\",\"@id\":\"https:\/\/exerens.com\/es\/producto\/memorens-solucion-oral\/#webpage\",\"url\":\"https:\/\/exerens.com\/es\/producto\/memorens-solucion-oral\/\",\"name\":\"Memorens - Soluci\u00f3n oral - Exerens\",\"isPartOf\":{\"@id\":\"https:\/\/exerens.com\/#website\"},\"primaryImageOfPage\":{\"@id\":\"https:\/\/exerens.com\/es\/producto\/memorens-solucion-oral\/#primaryimage\"},\"datePublished\":\"2021-12-20T14:53:33+00:00\",\"dateModified\":\"2021-12-20T14:53:52+00:00\",\"breadcrumb\":{\"@id\":\"https:\/\/exerens.com\/es\/producto\/memorens-solucion-oral\/#breadcrumb\"},\"inLanguage\":\"es\",\"potentialAction\":[{\"@type\":\"ReadAction\",\"target\":[\"https:\/\/exerens.com\/es\/producto\/memorens-solucion-oral\/\"]}]},{\"@type\":\"BreadcrumbList\",\"@id\":\"https:\/\/exerens.com\/es\/producto\/memorens-solucion-oral\/#breadcrumb\",\"itemListElement\":[{\"@type\":\"ListItem\",\"position\":1,\"name\":\"Home\",\"item\":\"https:\/\/exerens.com\/es\/\"},{\"@type\":\"ListItem\",\"position\":2,\"name\":\"Productos\",\"item\":\"https:\/\/exerens.com\/es\/productos\/\"},{\"@type\":\"ListItem\",\"position\":3,\"name\":\"Memorens &#8211; Soluci\u00f3n oral\"}]}]}<\/script>\n<!-- \/ Yoast SEO plugin. -->","yoast_head_json":{"title":"Memorens - Soluci\u00f3n oral - Exerens","robots":{"index":"index","follow":"follow","max-snippet":"max-snippet:-1","max-image-preview":"max-image-preview:large","max-video-preview":"max-video-preview:-1"},"canonical":"https:\/\/exerens.com\/es\/producto\/memorens-solucion-oral\/","og_locale":"es_ES","og_type":"article","og_title":"Memorens - Soluci\u00f3n oral - Exerens","og_description":"Soluci\u00f3n oral en frasco de 200 ml Formulaci\u00f3n desarrollada en colaboraci\u00f3n con el Departamento de Ciencias F\u00edsicas, de la Tierra y del Medio Ambiente de la Universidad de Siena.","og_url":"https:\/\/exerens.com\/es\/producto\/memorens-solucion-oral\/","og_site_name":"Exerens","article_modified_time":"2021-12-20T14:53:52+00:00","og_image":[{"width":771,"height":771,"url":"https:\/\/exerens.com\/wp-content\/uploads\/2020\/04\/Icona_Memorens_Soluzione-orale.png","type":"image\/png"}],"twitter_card":"summary_large_image","twitter_misc":{"Tiempo de lectura":"11 minutos"},"schema":{"@context":"https:\/\/schema.org","@graph":[{"@type":"WebSite","@id":"https:\/\/exerens.com\/#website","url":"https:\/\/exerens.com\/","name":"Exerens","description":"Recuperar el Equilibrio Natural","potentialAction":[{"@type":"SearchAction","target":{"@type":"EntryPoint","urlTemplate":"https:\/\/exerens.com\/?s={search_term_string}"},"query-input":"required name=search_term_string"}],"inLanguage":"es"},{"@type":"ImageObject","@id":"https:\/\/exerens.com\/es\/producto\/memorens-solucion-oral\/#primaryimage","inLanguage":"es","url":"https:\/\/exerens.com\/wp-content\/uploads\/2020\/04\/Icona_Memorens_Soluzione-orale.png","contentUrl":"https:\/\/exerens.com\/wp-content\/uploads\/2020\/04\/Icona_Memorens_Soluzione-orale.png","width":771,"height":771},{"@type":"WebPage","@id":"https:\/\/exerens.com\/es\/producto\/memorens-solucion-oral\/#webpage","url":"https:\/\/exerens.com\/es\/producto\/memorens-solucion-oral\/","name":"Memorens - Soluci\u00f3n oral - Exerens","isPartOf":{"@id":"https:\/\/exerens.com\/#website"},"primaryImageOfPage":{"@id":"https:\/\/exerens.com\/es\/producto\/memorens-solucion-oral\/#primaryimage"},"datePublished":"2021-12-20T14:53:33+00:00","dateModified":"2021-12-20T14:53:52+00:00","breadcrumb":{"@id":"https:\/\/exerens.com\/es\/producto\/memorens-solucion-oral\/#breadcrumb"},"inLanguage":"es","potentialAction":[{"@type":"ReadAction","target":["https:\/\/exerens.com\/es\/producto\/memorens-solucion-oral\/"]}]},{"@type":"BreadcrumbList","@id":"https:\/\/exerens.com\/es\/producto\/memorens-solucion-oral\/#breadcrumb","itemListElement":[{"@type":"ListItem","position":1,"name":"Home","item":"https:\/\/exerens.com\/es\/"},{"@type":"ListItem","position":2,"name":"Productos","item":"https:\/\/exerens.com\/es\/productos\/"},{"@type":"ListItem","position":3,"name":"Memorens &#8211; Soluci\u00f3n oral"}]}]}},"_links":{"self":[{"href":"https:\/\/exerens.com\/es\/wp-json\/wp\/v2\/product\/36015"}],"collection":[{"href":"https:\/\/exerens.com\/es\/wp-json\/wp\/v2\/product"}],"about":[{"href":"https:\/\/exerens.com\/es\/wp-json\/wp\/v2\/types\/product"}],"wp:featuredmedia":[{"embeddable":true,"href":"https:\/\/exerens.com\/es\/wp-json\/wp\/v2\/media\/35499"}],"wp:attachment":[{"href":"https:\/\/exerens.com\/es\/wp-json\/wp\/v2\/media?parent=36015"}],"wp:term":[{"taxonomy":"product_cat","embeddable":true,"href":"https:\/\/exerens.com\/es\/wp-json\/wp\/v2\/product_cat?post=36015"},{"taxonomy":"product_tag","embeddable":true,"href":"https:\/\/exerens.com\/es\/wp-json\/wp\/v2\/product_tag?post=36015"}],"curies":[{"name":"wp","href":"https:\/\/api.w.org\/{rel}","templated":true}]}}